{"id":99,"date":"2014-12-01T17:22:50","date_gmt":"2014-12-01T17:22:50","guid":{"rendered":"https:\/\/websites.fraunhofer.de\/indiger\/?page_id=99"},"modified":"2023-09-14T07:55:04","modified_gmt":"2023-09-14T07:55:04","slug":"quartiersnetz-ruhrgebiet","status":"publish","type":"page","link":"https:\/\/indiger.net\/?page_id=99","title":{"rendered":"QuartiersNETZ Ruhrgebiet"},"content":{"rendered":"<p><img loading=\"lazy\" decoding=\"async\" class=\"alignleft wp-image-244 size-medium\" src=\"https:\/\/indiger.net\/wp-content\/uploads\/2014\/12\/quartiersnetz-300x88.png\" alt=\"QuartiersNETZ\" width=\"300\" height=\"88\" srcset=\"https:\/\/indiger.net\/wp-content\/uploads\/2014\/12\/quartiersnetz-300x88.png 300w, https:\/\/indiger.net\/wp-content\/uploads\/2014\/12\/quartiersnetz.png 756w\" sizes=\"(max-width: 300px) 100vw, 300px\" \/><\/p>\n<h3>\u00c4ltere als (Ko-)Produzenten von Quartiersnetzwerken im Ruhrgebiet<\/h3>\n<p>Das Ruhrgebiet ist die am dichtesten besiedelte Region Deutschlands. Der demographische Wandel ist hier bereits weiter vorangeschritten als in vergleichbaren Ballungsr\u00e4umen. Sinkende Bev\u00f6lkerungszahlen, ein h\u00f6herer Anteil \u00e4lterer Menschen mit Migrationshintergrund und eine starke Bindung an Wohnviertel sind nur einige Aspekte dieser Entwicklung.<\/p>\n<h3>Das Konzept<\/h3>\n<p>\u00c4ltere Menschen schaffen sich \u00fcber Quartiersnetzwerke eine zukunftsf\u00e4hige Versorgungs- und Dienstleistungsstruktur f\u00fcr ein selbstbestimmtes Leben. \u201eKo-Produzent\u201c bedeutet dabei, dass die \u00e4lteren Menschen selbst aktiv werden. Ihre&nbsp;vielf\u00e4ltigen F\u00e4higkeiten und Interessen sollen zum Wohle aller im Quartier genutzt werden. Das Konzept \u201eQuartiersNETZ\u201c verfolgt verschiedene Innovationsstrategien: eine digitale Quartiersplattform in Form technischer Innovationen und eine reale Quartiersplattform in Form konkreter Unterst\u00fctzungs-Beteiligungsnetzwerke, die auf&nbsp;der digitalen Plattform aufbaut. Interessierte \u00e4ltere Menschen sollen unter anderem als Techniklotsen qualifiziert werden, so dass sie anderen \u00e4lteren Menschen mit Rat und Tat zur Seite stehen k\u00f6nnen Es werden neue Dienstleistungs- und Versorgungsmodelle erprobt. Zentrale Aspekte des Konzepts sind:<\/p>\n<ul>\n<li>Vernetzung von sozialem Umfeld und regionalen Dienstleistern<\/li>\n<li>Entwicklung moderner Interaktions-\/Kommunikationsmedien und technischer Assistenzsysteme<\/li>\n<li>F\u00f6rderung von Selbstbestimmung und Teilhabe \u00e4lterer Menschen im Wohnquartier<\/li>\n<\/ul>\n<h3>Blick in die Zukunft<\/h3>\n<p>Das Ruhrgebiet gestaltet den demografischen Wandel mit Bravour. \u00c4ltere Menschen nehmen das \u201eHeft\u201c selbst in die Hand. Ihre aktive Teilhabe verleiht der Gestaltung des demografischen Wandels eine besondere Dynamik.<\/p>\n<h3>QuartiersNETZ Internet-Seite<\/h3>\n<p><a href=\"http:\/\/www.quartiersnetz.de\" target=\"_blank\" rel=\"noopener\">www.quartiersnetz.de<\/a><\/p>\n<h3>Ansprechpartner\/ Kontaktdaten der Region (QuartiersNETZ)<\/h3>\n<p>Prof. Dr. Sabine Sachweh<br \/>\nFachhochschule Dortmund<br \/>\nOtto-Hahn-Str. 23<br \/>\n44227 Dortmund<br \/>\nTel.: +49 231 755-6760<br \/>\nE-Mail: <a href=\"mailto:sabine.sachweh@fh-dortmund.de\">sabine.sachweh@fh-dortmund.de<\/a><\/p>\n","protected":false},"excerpt":{"rendered":"<p>\u00c4ltere als (Ko-)Produzenten von Quartiersnetzwerken im Ruhrgebiet Das Ruhrgebiet ist die am dichtesten besiedelte Region Deutschlands. Der demographische Wandel ist hier bereits weiter vorangeschritten als in vergleichbaren Ballungsr\u00e4umen. Sinkende Bev\u00f6lkerungszahlen, ein h\u00f6herer Anteil \u00e4lterer Menschen mit Migrationshintergrund und eine starke Bindung an Wohnviertel sind nur einige Aspekte dieser Entwicklung. Das Konzept \u00c4ltere Menschen schaffen sich [&hellip;]<\/p>\n","protected":false},"author":1,"featured_media":0,"parent":55,"menu_order":0,"comment_status":"closed","ping_status":"closed","template":"","meta":{"ngg_post_thumbnail":0,"footnotes":""},"class_list":["post-99","page","type-page","status-publish"],"_links":{"self":[{"href":"https:\/\/indiger.net\/index.php?rest_route=\/wp\/v2\/pages\/99"}],"collection":[{"href":"https:\/\/indiger.net\/index.php?rest_route=\/wp\/v2\/pages"}],"about":[{"href":"https:\/\/indiger.net\/index.php?rest_route=\/wp\/v2\/types\/page"}],"author":[{"embeddable":true,"href":"https:\/\/indiger.net\/index.php?rest_route=\/wp\/v2\/users\/1"}],"replies":[{"embeddable":true,"href":"https:\/\/indiger.net\/index.php?rest_route=%2Fwp%2Fv2%2Fcomments&post=99"}],"version-history":[{"count":17,"href":"https:\/\/indiger.net\/index.php?rest_route=\/wp\/v2\/pages\/99\/revisions"}],"predecessor-version":[{"id":3617,"href":"https:\/\/indiger.net\/index.php?rest_route=\/wp\/v2\/pages\/99\/revisions\/3617"}],"up":[{"embeddable":true,"href":"https:\/\/indiger.net\/index.php?rest_route=\/wp\/v2\/pages\/55"}],"wp:attachment":[{"href":"https:\/\/indiger.net\/index.php?rest_route=%2Fwp%2Fv2%2Fmedia&parent=99"}],"curies":[{"name":"wp","href":"https:\/\/api.w.org\/{rel}","templated":true}]}}