{"id":93,"date":"2014-12-01T17:20:26","date_gmt":"2014-12-01T17:20:26","guid":{"rendered":"https:\/\/websites.fraunhofer.de\/indiger\/?page_id=93"},"modified":"2023-09-14T07:41:27","modified_gmt":"2023-09-14T07:41:27","slug":"fisnet-augsburg","status":"publish","type":"page","link":"https:\/\/indiger.net\/?page_id=93","title":{"rendered":"FISnet Augsburg"},"content":{"rendered":"<p><img loading=\"lazy\" decoding=\"async\" class=\"alignleft size-full wp-image-266\" src=\"https:\/\/indiger.net\/wp-content\/uploads\/2014\/12\/Logo_FISnet_kl_oC.png\" alt=\"Logo FISnet\" width=\"423\" height=\"150\" srcset=\"https:\/\/indiger.net\/wp-content\/uploads\/2014\/12\/Logo_FISnet_kl_oC.png 423w, https:\/\/indiger.net\/wp-content\/uploads\/2014\/12\/Logo_FISnet_kl_oC-300x106.png 300w\" sizes=\"(max-width: 423px) 100vw, 423px\" \/><\/p>\n<h3>FISnet &#8211; Flexible und individualisierte Netzwerke f\u00fcr pr\u00e4ventive Gesundheitsdienstleistungen in der Region Augsburg\/Schwaben<\/h3>\n<p>F\u00fcr die Region Augsburg\/Schwaben wird ein starker Anstieg der Einwohner im h\u00f6heren Erwerbsalter prognostiziert. Es ist daher von gro\u00dfer Bedeutung, den&nbsp;Zeitraum vor und nach dem Erwerbsaustritt gesundheitserhaltend zu gestalten. Hierdurch soll der durchschnittlich gute Gesundheitszustand und die gesellschaftliche Teilhabe am Ende des Erwerbslebens bis ins hohe Alter f\u00fcr m\u00f6glichst viele Menschen erhalten bleiben.<\/p>\n<h3>Das Konzept<\/h3>\n<p>FISnet entwickelt und erprobt modellhaft kooperative Dienstleistungsnetzwerke, die passgenaue Angebote zur Gesundheitsf\u00f6rderung f\u00fcr Menschen in der Erwerbs- und Posterwerbsphase bereitstellen. Hierbei stehen die spezifischen Bed\u00fcrfnisse und Anspr\u00fcche \u00e4lterer Menschen im Vordergrund. Hierzu werden das Geschlecht aber&nbsp;auch wichtige soziokulturelle Faktoren ber\u00fccksichtigt, wie Migrationshintergrund, regionale Herkunft (Stadt\/Land) und der berufliche sowie soziale Status. FISnet erarbeitet tragf\u00e4hige Arbeits- und Organisationsstrukturen, Kompetenz- und Qualifikationsprofile, Technologien und Gesch\u00e4ftsmodelle. Diese Netzwerke sollen wirtschaftlich sein und sich dauerhaft selbst tragen.<\/p>\n<h3>Blick in die Zukunft<\/h3>\n<p>In der Region Augsburg\/Schwaben sollen Erwerbst\u00e4tige beim Renteneintritt gesundheitlich noch so fit sein, dass sie in der Lage sind, bis ins betagte Alter mobil und aktiv zu sein. Dazu wird wesentlich beitragen, dass es in dieser Region ein differenziertes und niederschwelliges Netz von Dienstleistungsinstitutionen gibt. Zusammen mit angegliederten Betrieben unterst\u00fctzen sie mit Angeboten zur Gesunderhaltung.<\/p>\n<h3>FISnet Internet-Seite<\/h3>\n<p><a href=\"http:\/\/www.fisnet.info\" target=\"_blank\" rel=\"noopener\">www.fisnet.info<\/a><\/p>\n<h3>Ansprechpartner\/ Kontaktdaten der Region (FISnet)<\/h3>\n<p>Prof. Dr. Werner Schneider<br \/>\nUniversit\u00e4t Augsburg<br \/>\nUniversit\u00e4tsstra\u00dfe 10<br \/>\n86159 Augsburg<br \/>\nTel.: +49 821 598-5570<br \/>\nFax: +49 821 598-14-5570<br \/>\nE-Mail: <a href=\"mailto:werner.schneider@phil.uni-augsburg.de\">werner.schneider@phil.uni-augsburg.de<\/a><\/p>\n","protected":false},"excerpt":{"rendered":"<p>FISnet &#8211; Flexible und individualisierte Netzwerke f\u00fcr pr\u00e4ventive Gesundheitsdienstleistungen in der Region Augsburg\/Schwaben F\u00fcr die Region Augsburg\/Schwaben wird ein starker Anstieg der Einwohner im h\u00f6heren Erwerbsalter prognostiziert. Es ist daher von gro\u00dfer Bedeutung, den&nbsp;Zeitraum vor und nach dem Erwerbsaustritt gesundheitserhaltend zu gestalten. Hierdurch soll der durchschnittlich gute Gesundheitszustand und die gesellschaftliche Teilhabe am Ende des [&hellip;]<\/p>\n","protected":false},"author":1,"featured_media":0,"parent":55,"menu_order":0,"comment_status":"closed","ping_status":"closed","template":"","meta":{"ngg_post_thumbnail":0,"footnotes":""},"class_list":["post-93","page","type-page","status-publish"],"_links":{"self":[{"href":"https:\/\/indiger.net\/index.php?rest_route=\/wp\/v2\/pages\/93"}],"collection":[{"href":"https:\/\/indiger.net\/index.php?rest_route=\/wp\/v2\/pages"}],"about":[{"href":"https:\/\/indiger.net\/index.php?rest_route=\/wp\/v2\/types\/page"}],"author":[{"embeddable":true,"href":"https:\/\/indiger.net\/index.php?rest_route=\/wp\/v2\/users\/1"}],"replies":[{"embeddable":true,"href":"https:\/\/indiger.net\/index.php?rest_route=%2Fwp%2Fv2%2Fcomments&post=93"}],"version-history":[{"count":12,"href":"https:\/\/indiger.net\/index.php?rest_route=\/wp\/v2\/pages\/93\/revisions"}],"predecessor-version":[{"id":3610,"href":"https:\/\/indiger.net\/index.php?rest_route=\/wp\/v2\/pages\/93\/revisions\/3610"}],"up":[{"embeddable":true,"href":"https:\/\/indiger.net\/index.php?rest_route=\/wp\/v2\/pages\/55"}],"wp:attachment":[{"href":"https:\/\/indiger.net\/index.php?rest_route=%2Fwp%2Fv2%2Fmedia&parent=93"}],"curies":[{"name":"wp","href":"https:\/\/api.w.org\/{rel}","templated":true}]}}