{"id":614,"date":"2016-03-23T03:47:57","date_gmt":"2016-03-23T03:47:57","guid":{"rendered":"https:\/\/websites.fraunhofer.de\/indiger\/?page_id=614"},"modified":"2016-03-23T10:12:58","modified_gmt":"2016-03-23T10:12:58","slug":"frank-schomburg","status":"publish","type":"page","link":"https:\/\/indiger.net\/?page_id=614","title":{"rendered":"Frank Schomburg"},"content":{"rendered":"<h3>Frank Schomburg, nextpractice GmbH<\/h3>\n<h4>Statement<\/h4>\n<p>Entscheider sind heutzutage gefordert umzudenken, denn Planung und Steuerung kommen zunehmend an ihre Grenzen. Die Zeit der Vordenker ist vorbei, die Bildung von Netzwerken ist die Antwort auf die Komplexit\u00e4t und Dynamik der Welt. Innovation und Ver\u00e4nderung braucht die Intelligenz von Vielen in iterativen ergebnisoffenen Prozessen.<\/p>\n<div id=\"attachment_615\" style=\"width: 310px\" class=\"wp-caption alignleft\"><a href=\"https:\/\/indiger.net\/wp-content\/uploads\/2016\/03\/Frank_Schomburg.jpg\"><img loading=\"lazy\" decoding=\"async\" aria-describedby=\"caption-attachment-615\" class=\"wp-image-615 size-medium\" src=\"https:\/\/indiger.net\/wp-content\/uploads\/2016\/03\/Frank_Schomburg-300x300.jpg\" alt=\"Frank Schomburg\" width=\"300\" height=\"300\" srcset=\"https:\/\/indiger.net\/wp-content\/uploads\/2016\/03\/Frank_Schomburg-300x300.jpg 300w, https:\/\/indiger.net\/wp-content\/uploads\/2016\/03\/Frank_Schomburg-150x150.jpg 150w, https:\/\/indiger.net\/wp-content\/uploads\/2016\/03\/Frank_Schomburg.jpg 640w\" sizes=\"(max-width: 300px) 100vw, 300px\" \/><\/a><p id=\"caption-attachment-615\" class=\"wp-caption-text\">Frank Schomburg<\/p><\/div>\n<h4>Vita<\/h4>\n<p>Frank Schomburg ist Mitbegr\u00fcnder und Gesellschafter der <a href=\"http:\/\/www.nextpractice.de\/nextmoderator.html\" target=\"_blank\">nextpractice GmbH<\/a>. Nach dem Studium der Informatik war er in verschiedenen Industrieunternehmen als Projektleiter f\u00fcr produktionstechnische EDV-Systeme t\u00e4tig. Gemeinsam mit dem verstorbenen Prof. Dr. Kruse entwickelte er die Basiskonzepte f\u00fcr die nextpractice-Werkzeuge. Als Senior-Berater erarbeitet er heute Konzepte f\u00fcr den Methodeneinsatz in Unternehmen und leitet deren Umsetzung. F\u00fchrungskr\u00e4ften und Mitarbeitern wird die F\u00e4higkeit vermittelt, Komplexit\u00e4t und Dynamik zu meistern, die Psychologie der Ver\u00e4nderung zu verstehen und dieses Wissen im Rahmen intelligenter Netzwerke aktiv zu nutzen.<\/p>\n","protected":false},"excerpt":{"rendered":"<p>Frank Schomburg, nextpractice GmbH Statement Entscheider sind heutzutage gefordert umzudenken, denn Planung und Steuerung kommen zunehmend an ihre Grenzen. Die Zeit der Vordenker ist vorbei, die Bildung von Netzwerken ist die Antwort auf die Komplexit\u00e4t und Dynamik der Welt. Innovation und Ver\u00e4nderung braucht die Intelligenz von Vielen in iterativen ergebnisoffenen Prozessen. Vita Frank Schomburg ist [&hellip;]<\/p>\n","protected":false},"author":1,"featured_media":0,"parent":549,"menu_order":7,"comment_status":"closed","ping_status":"closed","template":"","meta":{"ngg_post_thumbnail":0,"footnotes":""},"class_list":["post-614","page","type-page","status-publish"],"_links":{"self":[{"href":"https:\/\/indiger.net\/index.php?rest_route=\/wp\/v2\/pages\/614"}],"collection":[{"href":"https:\/\/indiger.net\/index.php?rest_route=\/wp\/v2\/pages"}],"about":[{"href":"https:\/\/indiger.net\/index.php?rest_route=\/wp\/v2\/types\/page"}],"author":[{"embeddable":true,"href":"https:\/\/indiger.net\/index.php?rest_route=\/wp\/v2\/users\/1"}],"replies":[{"embeddable":true,"href":"https:\/\/indiger.net\/index.php?rest_route=%2Fwp%2Fv2%2Fcomments&post=614"}],"version-history":[{"count":4,"href":"https:\/\/indiger.net\/index.php?rest_route=\/wp\/v2\/pages\/614\/revisions"}],"predecessor-version":[{"id":651,"href":"https:\/\/indiger.net\/index.php?rest_route=\/wp\/v2\/pages\/614\/revisions\/651"}],"up":[{"embeddable":true,"href":"https:\/\/indiger.net\/index.php?rest_route=\/wp\/v2\/pages\/549"}],"wp:attachment":[{"href":"https:\/\/indiger.net\/index.php?rest_route=%2Fwp%2Fv2%2Fmedia&parent=614"}],"curies":[{"name":"wp","href":"https:\/\/api.w.org\/{rel}","templated":true}]}}