{"id":586,"date":"2016-03-19T00:49:37","date_gmt":"2016-03-19T00:49:37","guid":{"rendered":"https:\/\/websites.fraunhofer.de\/indiger\/?page_id=586"},"modified":"2016-03-19T00:49:37","modified_gmt":"2016-03-19T00:49:37","slug":"stefan-tobel","status":"publish","type":"page","link":"https:\/\/indiger.net\/?page_id=586","title":{"rendered":"Stefan Tobel"},"content":{"rendered":"<h3>Stefan Tobel, Head of Shop, ABOUT YOU GmbH, Hamburg<\/h3>\n<h4>Statement<\/h4>\n<p>Im heutigen Handelsumfeld ist ein reines Produktangebot nicht mehr wettbewerbsf\u00e4hig. Um Kunden erfolgreich gewinnen und halten zu k\u00f6nnen, m\u00fcssen Unternehmen ihr Produktangebot individuell auf die Bed\u00fcrfnisse der Kunden zuschneiden und durch Dienstleistungen erg\u00e4nzen, die das Einkaufserlebnis noch komfortabler gestalten. Der Prozess der Digitalisierung sowie die zunehmende Bedeutung mobiler Endger\u00e4te bieten vielversprechende M\u00f6glichkeiten f\u00fcr Innovationen im Handel, die den neuen Anforderungen gerecht werden.<\/p>\n<div id=\"attachment_587\" style=\"width: 310px\" class=\"wp-caption alignleft\"><a href=\"https:\/\/indiger.net\/wp-content\/uploads\/2016\/03\/Tobel.jpg\" rel=\"attachment wp-att-587\"><img loading=\"lazy\" decoding=\"async\" aria-describedby=\"caption-attachment-587\" class=\"wp-image-587 size-medium\" src=\"https:\/\/indiger.net\/wp-content\/uploads\/2016\/03\/Tobel-300x200.jpg\" alt=\"Stefan Tobel\" width=\"300\" height=\"200\" srcset=\"https:\/\/indiger.net\/wp-content\/uploads\/2016\/03\/Tobel-300x200.jpg 300w, https:\/\/indiger.net\/wp-content\/uploads\/2016\/03\/Tobel-768x512.jpg 768w, https:\/\/indiger.net\/wp-content\/uploads\/2016\/03\/Tobel.jpg 1000w\" sizes=\"(max-width: 300px) 100vw, 300px\" \/><\/a><p id=\"caption-attachment-587\" class=\"wp-caption-text\">Stefan Tobel<\/p><\/div>\n<h4>Vita<\/h4>\n<p>Stefan Tobel ist seit Anfang 2014 bei ABOUTYOU t\u00e4tig. Dort verantwortet er als Head of Shop den Betrieb und die Weiterentwicklung von aboutyou.de. Sein Verantwortungsbereich umfasst die Themen Konzeption, Design und Programmierung von Shop-Features, sowie A\/B Testing. Der Online-Fashionshop ABOUTYOU wurde seit seinem Launch im Mai 2014 bereits mehrfach f\u00fcr seine UX und innovativen Funktionen ausgezeichnet. Stefan Tobel ist Absolvent der FH Nordakademie und ESCP Europe und hat vor seiner T\u00e4tigkeit bei ABOUTYOU in der Konzernstrategie der Otto Group als Strategieberater gearbeitet.<\/p>\n","protected":false},"excerpt":{"rendered":"<p>Stefan Tobel, Head of Shop, ABOUT YOU GmbH, Hamburg Statement Im heutigen Handelsumfeld ist ein reines Produktangebot nicht mehr wettbewerbsf\u00e4hig. Um Kunden erfolgreich gewinnen und halten zu k\u00f6nnen, m\u00fcssen Unternehmen ihr Produktangebot individuell auf die Bed\u00fcrfnisse der Kunden zuschneiden und durch Dienstleistungen erg\u00e4nzen, die das Einkaufserlebnis noch komfortabler gestalten. Der Prozess der Digitalisierung sowie die [&hellip;]<\/p>\n","protected":false},"author":1,"featured_media":0,"parent":549,"menu_order":6,"comment_status":"closed","ping_status":"closed","template":"","meta":{"ngg_post_thumbnail":0,"footnotes":""},"class_list":["post-586","page","type-page","status-publish"],"_links":{"self":[{"href":"https:\/\/indiger.net\/index.php?rest_route=\/wp\/v2\/pages\/586"}],"collection":[{"href":"https:\/\/indiger.net\/index.php?rest_route=\/wp\/v2\/pages"}],"about":[{"href":"https:\/\/indiger.net\/index.php?rest_route=\/wp\/v2\/types\/page"}],"author":[{"embeddable":true,"href":"https:\/\/indiger.net\/index.php?rest_route=\/wp\/v2\/users\/1"}],"replies":[{"embeddable":true,"href":"https:\/\/indiger.net\/index.php?rest_route=%2Fwp%2Fv2%2Fcomments&post=586"}],"version-history":[{"count":1,"href":"https:\/\/indiger.net\/index.php?rest_route=\/wp\/v2\/pages\/586\/revisions"}],"predecessor-version":[{"id":588,"href":"https:\/\/indiger.net\/index.php?rest_route=\/wp\/v2\/pages\/586\/revisions\/588"}],"up":[{"embeddable":true,"href":"https:\/\/indiger.net\/index.php?rest_route=\/wp\/v2\/pages\/549"}],"wp:attachment":[{"href":"https:\/\/indiger.net\/index.php?rest_route=%2Fwp%2Fv2%2Fmedia&parent=586"}],"curies":[{"name":"wp","href":"https:\/\/api.w.org\/{rel}","templated":true}]}}