{"id":582,"date":"2016-03-19T00:43:08","date_gmt":"2016-03-19T00:43:08","guid":{"rendered":"https:\/\/websites.fraunhofer.de\/indiger\/?page_id=582"},"modified":"2016-03-19T00:43:08","modified_gmt":"2016-03-19T00:43:08","slug":"michael-tillner","status":"publish","type":"page","link":"https:\/\/indiger.net\/?page_id=582","title":{"rendered":"Michael Tillner"},"content":{"rendered":"<h3>Michael Tillner, Gesch\u00e4ftsf\u00fchrer Friedrich Zufall GmbH &amp; Co. KG, G\u00f6ttingen<\/h3>\n<h4>Statement<\/h4>\n<p>Denken Sie nicht an einen blauen Elefanten.<br \/>\nDenken Sie nicht daran, dass IT\/Digitalisierung die Art und Weise drastisch \u00e4ndert, wie wir logistische Dienstleistungen managen.<br \/>\nDenken Sie nicht daran, dass neue Verfahren der Datengewinnung und -analyse die Logistik ver\u00e4ndern.<br \/>\nDenken Sie nicht daran, dass die Auswirkungen auf unsere Mitarbeiter kaum absehbar sind.<\/p>\n<div id=\"attachment_583\" style=\"width: 310px\" class=\"wp-caption alignleft\"><a href=\"https:\/\/indiger.net\/wp-content\/uploads\/2016\/03\/Michael_Tillner.jpg\" rel=\"attachment wp-att-583\"><img loading=\"lazy\" decoding=\"async\" aria-describedby=\"caption-attachment-583\" class=\"wp-image-583 size-medium\" src=\"https:\/\/indiger.net\/wp-content\/uploads\/2016\/03\/Michael_Tillner-300x200.jpg\" alt=\"Michael Tillner\" width=\"300\" height=\"200\" srcset=\"https:\/\/indiger.net\/wp-content\/uploads\/2016\/03\/Michael_Tillner-300x200.jpg 300w, https:\/\/indiger.net\/wp-content\/uploads\/2016\/03\/Michael_Tillner-768x511.jpg 768w, https:\/\/indiger.net\/wp-content\/uploads\/2016\/03\/Michael_Tillner.jpg 1000w\" sizes=\"(max-width: 300px) 100vw, 300px\" \/><\/a><p id=\"caption-attachment-583\" class=\"wp-caption-text\">Michael Tillner<\/p><\/div>\n<h4>Vita<\/h4>\n<p>Der rote Faden: Distributionslogistik und IT<br \/>\nNach \u00fcber 10 Jahren als Bundewehroffizier wandte sich Michael Tillner 1992 der Logistik zu. Zun\u00e4chst bei einer Spedition, sp\u00e4ter in der Logistikabteilung der Frankfurter Allgemeinen Zeitung erkannte er recht fr\u00fch, dass mit dem IT-gest\u00fctzten Management von Prozessen erhebliche Fortschritte f\u00fcr Produktivit\u00e4t und Qualit\u00e4t der Dienstleistung erzielen lassen. Dieses Wissen vertiefte er durch ein Studium der Wirtschaftswissenschaften und Publizistik in Mainz. Sp\u00e4ter, als Gesch\u00e4ftsf\u00fchrer einer Projektspedition und als Leiter eines Profit Centers des europ\u00e4ischen Marktf\u00fchrers im Pharmagro\u00dfhandel, entwickelte er ein geschlossenes Konzept f\u00fcr die Distributionslogistik. Seit 2013 ist er in der Gesch\u00e4ftsf\u00fchrung der ZUFALL logistics group verantwortlich f\u00fcr Landverkehre Deutschland, See- und Luftfracht und die Ressorts IT, Controlling, Compliance und Prozessmanagement.<\/p>\n","protected":false},"excerpt":{"rendered":"<p>Michael Tillner, Gesch\u00e4ftsf\u00fchrer Friedrich Zufall GmbH &amp; Co. KG, G\u00f6ttingen Statement Denken Sie nicht an einen blauen Elefanten. Denken Sie nicht daran, dass IT\/Digitalisierung die Art und Weise drastisch \u00e4ndert, wie wir logistische Dienstleistungen managen. Denken Sie nicht daran, dass neue Verfahren der Datengewinnung und -analyse die Logistik ver\u00e4ndern. Denken Sie nicht daran, dass die [&hellip;]<\/p>\n","protected":false},"author":1,"featured_media":0,"parent":549,"menu_order":5,"comment_status":"closed","ping_status":"closed","template":"","meta":{"ngg_post_thumbnail":0,"footnotes":""},"class_list":["post-582","page","type-page","status-publish"],"_links":{"self":[{"href":"https:\/\/indiger.net\/index.php?rest_route=\/wp\/v2\/pages\/582"}],"collection":[{"href":"https:\/\/indiger.net\/index.php?rest_route=\/wp\/v2\/pages"}],"about":[{"href":"https:\/\/indiger.net\/index.php?rest_route=\/wp\/v2\/types\/page"}],"author":[{"embeddable":true,"href":"https:\/\/indiger.net\/index.php?rest_route=\/wp\/v2\/users\/1"}],"replies":[{"embeddable":true,"href":"https:\/\/indiger.net\/index.php?rest_route=%2Fwp%2Fv2%2Fcomments&post=582"}],"version-history":[{"count":1,"href":"https:\/\/indiger.net\/index.php?rest_route=\/wp\/v2\/pages\/582\/revisions"}],"predecessor-version":[{"id":584,"href":"https:\/\/indiger.net\/index.php?rest_route=\/wp\/v2\/pages\/582\/revisions\/584"}],"up":[{"embeddable":true,"href":"https:\/\/indiger.net\/index.php?rest_route=\/wp\/v2\/pages\/549"}],"wp:attachment":[{"href":"https:\/\/indiger.net\/index.php?rest_route=%2Fwp%2Fv2%2Fmedia&parent=582"}],"curies":[{"name":"wp","href":"https:\/\/api.w.org\/{rel}","templated":true}]}}