{"id":577,"date":"2016-03-18T18:47:46","date_gmt":"2016-03-18T18:47:46","guid":{"rendered":"https:\/\/websites.fraunhofer.de\/indiger\/?page_id=577"},"modified":"2016-04-15T20:01:42","modified_gmt":"2016-04-15T20:01:42","slug":"thomas-meyer","status":"publish","type":"page","link":"https:\/\/indiger.net\/?page_id=577","title":{"rendered":"Thomas Meyer"},"content":{"rendered":"<h3>Prof. Dr. Thomas Meyer, Neurologische Hochschulambulanz I, Projektgruppe AmbulanzPartner, Charit\u00e9- Universit\u00e4tsmedizin Berlin, Charit\u00e9Centrum f\u00fcr Neurologie, Neurochirurgie und Psychiatrie<\/h3>\n<h4>Statement<\/h4>\n<p>Die medizinische Versorgung ist ein Paradigma der personenbezogenen Dienstleistungen. Trotz der hohen gesellschaftlichen und &#8211; unter Umst\u00e4nden &#8211; existentiellen Relevanz medizinischer Dienstleistungen ist das Bewusstsein f\u00fcr die Potentiale der Dienstleistungsinnovation noch gering: Im Selbstbild der Medizin steht die Produktinnovation noch ganz im Mittelpunkt. An dieser Stelle ist ein Umdenken erforderlich: Erst durch eine Verkn\u00fcpfung des medizinisch-wissenschaftlichen Fortschritts mit Dienstleistungsinnovationen ist eine optimale Gesundheitsversorgung erreichbar.<br \/>\n<a href=\"https:\/\/indiger.net\/wp-content\/uploads\/2015\/08\/TM.jpg\" rel=\"attachment wp-att-352\"><img loading=\"lazy\" decoding=\"async\" class=\"alignleft wp-image-352 size-medium\" src=\"https:\/\/indiger.net\/wp-content\/uploads\/2015\/08\/TM-200x300.jpg\" alt=\"Prof. Dr. Thomas Meyer\" width=\"200\" height=\"300\" srcset=\"https:\/\/indiger.net\/wp-content\/uploads\/2015\/08\/TM-200x300.jpg 200w, https:\/\/indiger.net\/wp-content\/uploads\/2015\/08\/TM.jpg 500w\" sizes=\"(max-width: 200px) 100vw, 200px\" \/><\/a><\/p>\n<h4>Vita<\/h4>\n<p>Prof. Dr. Thomas Meyer (49) ist Neurologe und gr\u00fcndete im Jahr 2002 die Ambulanz f\u00fcr Amyotrophe Lateralsklerose (ALS) an der Charit\u00e9 \u2013 Universit\u00e4tsmedizin Berlin. Seine klinische T\u00e4tigkeit und molekularbiologische Arbeiten zur ALS hatten ihn zuvor an die Mount Sinai School of Medicine in New York (USA), an das Max-Delbr\u00fcck-Centrum f\u00fcr molekulare Medizin (MDC) in Berlin und an die Universit\u00e4t Ulm gef\u00fchrt. Im Jahr 2010 gr\u00fcndete Thomas Meyer gemeinsam mit Christoph M\u00fcnch \u201eAmbulanzPartner \u2013 das Versorgungsportal\u201c (AP). AP ist Konzept des digital unterst\u00fctzten Versorgungsmanagements, das eine Managementplattform mit einem Fallmanagement kombiniert. Seine gegenw\u00e4rtigen Interessen- und Arbeitsschwerpunkte sind Managed Care sowie die Digitalisierung und Prozessinnovation der ambulanten medizinischen Versorgung in Szenario chronischer neurologischer Erkrankungen.<br \/>\nProf. Meyer ist <a href=\"https:\/\/indiger.net\/?page_id=350\">Beirat<\/a> im Projekt INDiGeR.<\/p>\n<h4>Kontakt<\/h4>\n<p><a href=\"mailto:thomas.meyer@charite.de\">thomas.meyer@charite.de<\/a><\/p>\n","protected":false},"excerpt":{"rendered":"<p>Prof. Dr. Thomas Meyer, Neurologische Hochschulambulanz I, Projektgruppe AmbulanzPartner, Charit\u00e9- Universit\u00e4tsmedizin Berlin, Charit\u00e9Centrum f\u00fcr Neurologie, Neurochirurgie und Psychiatrie Statement Die medizinische Versorgung ist ein Paradigma der personenbezogenen Dienstleistungen. Trotz der hohen gesellschaftlichen und &#8211; unter Umst\u00e4nden &#8211; existentiellen Relevanz medizinischer Dienstleistungen ist das Bewusstsein f\u00fcr die Potentiale der Dienstleistungsinnovation noch gering: Im Selbstbild der Medizin [&hellip;]<\/p>\n","protected":false},"author":1,"featured_media":0,"parent":549,"menu_order":4,"comment_status":"closed","ping_status":"closed","template":"","meta":{"ngg_post_thumbnail":0,"footnotes":""},"class_list":["post-577","page","type-page","status-publish"],"_links":{"self":[{"href":"https:\/\/indiger.net\/index.php?rest_route=\/wp\/v2\/pages\/577"}],"collection":[{"href":"https:\/\/indiger.net\/index.php?rest_route=\/wp\/v2\/pages"}],"about":[{"href":"https:\/\/indiger.net\/index.php?rest_route=\/wp\/v2\/types\/page"}],"author":[{"embeddable":true,"href":"https:\/\/indiger.net\/index.php?rest_route=\/wp\/v2\/users\/1"}],"replies":[{"embeddable":true,"href":"https:\/\/indiger.net\/index.php?rest_route=%2Fwp%2Fv2%2Fcomments&post=577"}],"version-history":[{"count":4,"href":"https:\/\/indiger.net\/index.php?rest_route=\/wp\/v2\/pages\/577\/revisions"}],"predecessor-version":[{"id":691,"href":"https:\/\/indiger.net\/index.php?rest_route=\/wp\/v2\/pages\/577\/revisions\/691"}],"up":[{"embeddable":true,"href":"https:\/\/indiger.net\/index.php?rest_route=\/wp\/v2\/pages\/549"}],"wp:attachment":[{"href":"https:\/\/indiger.net\/index.php?rest_route=%2Fwp%2Fv2%2Fmedia&parent=577"}],"curies":[{"name":"wp","href":"https:\/\/api.w.org\/{rel}","templated":true}]}}