{"id":571,"date":"2016-03-18T16:19:16","date_gmt":"2016-03-18T16:19:16","guid":{"rendered":"https:\/\/websites.fraunhofer.de\/indiger\/?page_id=571"},"modified":"2016-03-18T16:24:43","modified_gmt":"2016-03-18T16:24:43","slug":"stephan-krug","status":"publish","type":"page","link":"https:\/\/indiger.net\/?page_id=571","title":{"rendered":"Stephan Krug"},"content":{"rendered":"<h3>Stephan Krug, Gesch\u00e4ftsf\u00fchrer, Vamos Eltern-Kind-Reisen, Hannover<\/h3>\n<h4>Statement<\/h4>\n<p>Spezielle Orte, \u00bbbeseelte\u00ab Gastgeber oder innovative (Erlebnis-)Ideen, das sind die Zutaten, die ein besonderes Reiseprodukt auszeichnen. Der anspruchsvolle Gast strebt nach Individualisierung und Flexibilisierung. Wenn m\u00f6glich jederzeit und augenblicklich m\u00f6chte der moderne Reisende sein pers\u00f6nliches \u201eReisep\u00e4ckchen\u201c zusammenstellen k\u00f6nnen. Die Zusammenarbeit mit kleineren H\u00e4usern und kreativen Pionieren in den Zielgebieten ist aber h\u00e4ufig alles andere als standardisiert. Dieses erschwert einen effizienten Buchungsprozess. Erfolgreiche Reiseveranstalter sind in erster Linie \u00bbW\u00fcnscheerf\u00fcller\u00ab! Es braucht dynamische L\u00f6sungsideen, wie die Reisemittler schnell, verl\u00e4sslich und komfortabel G\u00e4stewunsch und Wirklichkeit in den Destinationen zusammenbringen k\u00f6nnen.<\/p>\n<div id=\"attachment_572\" style=\"width: 210px\" class=\"wp-caption alignleft\"><a href=\"https:\/\/indiger.net\/wp-content\/uploads\/2016\/03\/Stephan_Krug.jpg\" rel=\"attachment wp-att-572\"><img loading=\"lazy\" decoding=\"async\" aria-describedby=\"caption-attachment-572\" class=\"wp-image-572 size-medium\" src=\"https:\/\/indiger.net\/wp-content\/uploads\/2016\/03\/Stephan_Krug-200x300.jpg\" alt=\"Stephan Krug\" width=\"200\" height=\"300\" srcset=\"https:\/\/indiger.net\/wp-content\/uploads\/2016\/03\/Stephan_Krug-200x300.jpg 200w, https:\/\/indiger.net\/wp-content\/uploads\/2016\/03\/Stephan_Krug.jpg 668w\" sizes=\"(max-width: 200px) 100vw, 200px\" \/><\/a><p id=\"caption-attachment-572\" class=\"wp-caption-text\">Stephan Krug<\/p><\/div>\n<h4>Vita<\/h4>\n<p>Nach einem Studium der Volkswirtschaftslehre mit Schwerpunkt Umweltmanagement und Umwelt\u00f6konomie in M\u00fcnster vertrat Stephan Krug im Umweltbundesamt in Berlin als wissenschaftlicher Mitarbeiter die Bereiche Umwelt und Freizeit, Sport und Tourismus. Einer der Schwerpunkte lag dabei in der Erarbeitung von neuartigen Marketing-Konzepten zur Erreichung eines nachhaltigen Konsumverhaltens in Freizeit und Tourismus durch Kommunikation des individuellen Zusatznutzens nachhaltigen Wirtschaftens. Es folgten mehrere Jahre als Gesch\u00e4ftsf\u00fchrer der Viabono GmbH einem auf nachhaltige (Reise-) Produkte spezialisierten Anbieter und als Mitglied im Aufsichtsrat von der TourOnline AG. Seit 2013 ist Stephan Krug Gesch\u00e4ftsf\u00fchrer der vamos Eltern-Kind-Reisen GmbH. vamos Eltern-Kind-Reisen GmbH ist ein Reiseveranstalter mit zwei Gesch\u00e4ftsf\u00fchrern, rund 60 Angestellten und ca. 200 Kinder- und G\u00e4stebetreuern. Seit der Gr\u00fcndung 1987 hat vamos sich als Deutschlands f\u00fchrender Spezialist f\u00fcr Eltern-Kind-Reisen etabliert. Das Programm umfasst rund 140 Reisedestinationen in 18 europ\u00e4ischen L\u00e4ndern. Qualit\u00e4tsmerkmale der H\u00e4user sind die exklusive Lage, der pers\u00f6nliche Charakter und die naturnahe, fantasievolle Kinderbetreuung. Zu 95 Prozent werden die Reisen im Direktvertrieb vermittelt.<\/p>\n","protected":false},"excerpt":{"rendered":"<p>Stephan Krug, Gesch\u00e4ftsf\u00fchrer, Vamos Eltern-Kind-Reisen, Hannover Statement Spezielle Orte, \u00bbbeseelte\u00ab Gastgeber oder innovative (Erlebnis-)Ideen, das sind die Zutaten, die ein besonderes Reiseprodukt auszeichnen. Der anspruchsvolle Gast strebt nach Individualisierung und Flexibilisierung. Wenn m\u00f6glich jederzeit und augenblicklich m\u00f6chte der moderne Reisende sein pers\u00f6nliches \u201eReisep\u00e4ckchen\u201c zusammenstellen k\u00f6nnen. Die Zusammenarbeit mit kleineren H\u00e4usern und kreativen Pionieren in den [&hellip;]<\/p>\n","protected":false},"author":1,"featured_media":0,"parent":549,"menu_order":3,"comment_status":"closed","ping_status":"closed","template":"","meta":{"ngg_post_thumbnail":0,"footnotes":""},"class_list":["post-571","page","type-page","status-publish"],"_links":{"self":[{"href":"https:\/\/indiger.net\/index.php?rest_route=\/wp\/v2\/pages\/571"}],"collection":[{"href":"https:\/\/indiger.net\/index.php?rest_route=\/wp\/v2\/pages"}],"about":[{"href":"https:\/\/indiger.net\/index.php?rest_route=\/wp\/v2\/types\/page"}],"author":[{"embeddable":true,"href":"https:\/\/indiger.net\/index.php?rest_route=\/wp\/v2\/users\/1"}],"replies":[{"embeddable":true,"href":"https:\/\/indiger.net\/index.php?rest_route=%2Fwp%2Fv2%2Fcomments&post=571"}],"version-history":[{"count":1,"href":"https:\/\/indiger.net\/index.php?rest_route=\/wp\/v2\/pages\/571\/revisions"}],"predecessor-version":[{"id":573,"href":"https:\/\/indiger.net\/index.php?rest_route=\/wp\/v2\/pages\/571\/revisions\/573"}],"up":[{"embeddable":true,"href":"https:\/\/indiger.net\/index.php?rest_route=\/wp\/v2\/pages\/549"}],"wp:attachment":[{"href":"https:\/\/indiger.net\/index.php?rest_route=%2Fwp%2Fv2%2Fmedia&parent=571"}],"curies":[{"name":"wp","href":"https:\/\/api.w.org\/{rel}","templated":true}]}}