{"id":565,"date":"2016-03-18T16:10:28","date_gmt":"2016-03-18T16:10:28","guid":{"rendered":"https:\/\/websites.fraunhofer.de\/indiger\/?page_id=565"},"modified":"2016-03-18T16:12:57","modified_gmt":"2016-03-18T16:12:57","slug":"antje-hinz","status":"publish","type":"page","link":"https:\/\/indiger.net\/?page_id=565","title":{"rendered":"Antje Hinz"},"content":{"rendered":"<h3>Antje Hinz, Silberfuchs-Verlag &amp; MassivKreativ.de, Hamburg<\/h3>\n<h4>Statement<\/h4>\n<p>Innovationen m\u00fcssen nah am Menschen in interdisziplin\u00e4ren Teams unter Beachtung der Megatrends (Technologie, Business, Soziales) entwickelt werden. Die Kultur- und Kreativbranche ist durch IT und Games Motor f\u00fcr technologische Innovationen. Sie bringt aber zugleich durch soziale Innovationen wichtige Impulse und enormes Gestaltungspotenzial in Wirtschaft und Gesellschaft ein.<\/p>\n<div id=\"attachment_566\" style=\"width: 225px\" class=\"wp-caption alignleft\"><a href=\"https:\/\/indiger.net\/wp-content\/uploads\/2016\/03\/ANTJE_Hinz.jpg\" rel=\"attachment wp-att-566\"><img loading=\"lazy\" decoding=\"async\" aria-describedby=\"caption-attachment-566\" class=\"wp-image-566 size-medium\" src=\"https:\/\/indiger.net\/wp-content\/uploads\/2016\/03\/ANTJE_Hinz-215x300.jpg\" alt=\"Antje Hinz\" width=\"215\" height=\"300\" srcset=\"https:\/\/indiger.net\/wp-content\/uploads\/2016\/03\/ANTJE_Hinz-215x300.jpg 215w, https:\/\/indiger.net\/wp-content\/uploads\/2016\/03\/ANTJE_Hinz.jpg 715w\" sizes=\"(max-width: 215px) 100vw, 215px\" \/><\/a><p id=\"caption-attachment-566\" class=\"wp-caption-text\">Antje Hinz<\/p><\/div>\n<h4>Vita<\/h4>\n<p>Antje Hinz ist ARD-Kulturjournalistin, Wissensdesignerin, Medienproduzentin und Verlegerin des Wissensverlages \u201eSilberfuchs-Verlag\u201c. Nach einem H\u00f6rfunkvolontariat in Berlin studierte sie 1990-95 Musikwissenschaft, Slawistik, Journalistik, Kulturmanagement in Hamburg. Antje Hinz war dann f\u00fcr ARD-H\u00f6rfunksender als Moderatorin. Live-Reporterin und Autorin von Themensendungen und Radio-Features u. a. Deutschlandradio Galerie, WDR 3 Klassik Forum, WDR 5, NDR Kultur, NDR Info, DLF, DLR und SWR 2 t\u00e4tig. 2005 war Hinze Mitgr\u00fcnderin des Silberfuchs-Verlages. Der Verlag ist spezialisiert auf die Produktion wissensvermittelnder Medien und Konzepte, z. B. f\u00fcr Online-Portale, Museen, Stiftungen, \u00f6ffentliche Tr\u00e4ger und Bildungsinstitutionen, Video- und Audio-Interviews, interaktive Grafiken, Klangcollagen, Audiofeatures, Videoreportagen, Erkl\u00e4rtrickfilme, klingende Visitenkarten, Ausstellungskonzepte und vertritt die Kernthemen: Geschichte, Kultur, Nachhaltigkeit, Politik, Diversity, Internationales, Regiobranding. Neben vielf\u00e4ltigen anderen Auszeichnungen war Frau Hinz mit dem Silberfuchs-Verlag 2012 Preistr\u00e4gerin der Kultur- und Kreativpiloten Deutschlands der Bundesregierung.<\/p>\n","protected":false},"excerpt":{"rendered":"<p>Antje Hinz, Silberfuchs-Verlag &amp; MassivKreativ.de, Hamburg Statement Innovationen m\u00fcssen nah am Menschen in interdisziplin\u00e4ren Teams unter Beachtung der Megatrends (Technologie, Business, Soziales) entwickelt werden. Die Kultur- und Kreativbranche ist durch IT und Games Motor f\u00fcr technologische Innovationen. Sie bringt aber zugleich durch soziale Innovationen wichtige Impulse und enormes Gestaltungspotenzial in Wirtschaft und Gesellschaft ein. Vita [&hellip;]<\/p>\n","protected":false},"author":1,"featured_media":0,"parent":549,"menu_order":2,"comment_status":"closed","ping_status":"closed","template":"","meta":{"ngg_post_thumbnail":0,"footnotes":""},"class_list":["post-565","page","type-page","status-publish"],"_links":{"self":[{"href":"https:\/\/indiger.net\/index.php?rest_route=\/wp\/v2\/pages\/565"}],"collection":[{"href":"https:\/\/indiger.net\/index.php?rest_route=\/wp\/v2\/pages"}],"about":[{"href":"https:\/\/indiger.net\/index.php?rest_route=\/wp\/v2\/types\/page"}],"author":[{"embeddable":true,"href":"https:\/\/indiger.net\/index.php?rest_route=\/wp\/v2\/users\/1"}],"replies":[{"embeddable":true,"href":"https:\/\/indiger.net\/index.php?rest_route=%2Fwp%2Fv2%2Fcomments&post=565"}],"version-history":[{"count":2,"href":"https:\/\/indiger.net\/index.php?rest_route=\/wp\/v2\/pages\/565\/revisions"}],"predecessor-version":[{"id":570,"href":"https:\/\/indiger.net\/index.php?rest_route=\/wp\/v2\/pages\/565\/revisions\/570"}],"up":[{"embeddable":true,"href":"https:\/\/indiger.net\/index.php?rest_route=\/wp\/v2\/pages\/549"}],"wp:attachment":[{"href":"https:\/\/indiger.net\/index.php?rest_route=%2Fwp%2Fv2%2Fmedia&parent=565"}],"curies":[{"name":"wp","href":"https:\/\/api.w.org\/{rel}","templated":true}]}}