{"id":558,"date":"2016-03-18T15:37:07","date_gmt":"2016-03-18T15:37:07","guid":{"rendered":"https:\/\/websites.fraunhofer.de\/indiger\/?page_id=558"},"modified":"2016-03-23T10:25:19","modified_gmt":"2016-03-23T10:25:19","slug":"antje-von-loeper","status":"publish","type":"page","link":"https:\/\/indiger.net\/?page_id=558","title":{"rendered":"Antje von Loeper"},"content":{"rendered":"<h3>Antje von Loeper, Business development, innosabi gmbh, M\u00fcnchen<\/h3>\n<h4>Statement<\/h4>\n<p>Im Zuge der Digitalisierung und dem rasanten Aufkommen neuer Technologien durchl\u00e4uft der Dienstleistungssektor einen grundlegenden Wandel, dessen Geschwindigkeit immer weiter zunimmt. Um darin als Unternehmen zu bestehen und innovativ voranzugehen, reicht es nicht aus, auf Entwicklungen zu reagieren. Vielmehr m\u00fcssen diese Entwicklungen und die neuen Bed\u00fcrfnisse der Kunden fr\u00fchzeitig in die Innovationsaktivit\u00e4ten mit eingebunden werden. Dies l\u00e4sst sich nur mit dauerhafter, vernetzter Kollaboration \u00fcber die Unternehmensgrenzen hinweg realisieren.<\/p>\n<div id=\"attachment_559\" style=\"width: 228px\" class=\"wp-caption alignleft\"><a href=\"https:\/\/indiger.net\/wp-content\/uploads\/2016\/03\/innosabi_antje-von-loeper.jpg\" rel=\"attachment wp-att-559\"><img loading=\"lazy\" decoding=\"async\" aria-describedby=\"caption-attachment-559\" class=\"wp-image-559 size-medium\" src=\"https:\/\/indiger.net\/wp-content\/uploads\/2016\/03\/innosabi_antje-von-loeper-218x300.jpg\" alt=\"Antje von Loeper\" width=\"218\" height=\"300\" srcset=\"https:\/\/indiger.net\/wp-content\/uploads\/2016\/03\/innosabi_antje-von-loeper-218x300.jpg 218w, https:\/\/indiger.net\/wp-content\/uploads\/2016\/03\/innosabi_antje-von-loeper.jpg 680w\" sizes=\"(max-width: 218px) 100vw, 218px\" \/><\/a><p id=\"caption-attachment-559\" class=\"wp-caption-text\">Antje von Loeper<\/p><\/div>\n<h4>Vita<\/h4>\n<p>Antje von Loeper arbeitet als Business Developerin bei innosabi, dem Marktf\u00fchrer im Bereich Crowdsourced Innovation in Deutschland. Die geb\u00fcrtige S\u00fcdafrikanerin arbeitete zuvor als Marketing und Sales Leiterin f\u00fcr den Deutschen und \u00d6sterreichischen Markt an der European University. Sie absolvierte den Bachelor of Science in Business Administration an der International Business School of Vilnius. Einen weiteren BBA mit Spezialisierung auf Kommunikation &amp; PR, mit Auslandssemestern in Barcelona und Genf, schloss Sie an der European University ab.<\/p>\n","protected":false},"excerpt":{"rendered":"<p>Antje von Loeper, Business development, innosabi gmbh, M\u00fcnchen Statement Im Zuge der Digitalisierung und dem rasanten Aufkommen neuer Technologien durchl\u00e4uft der Dienstleistungssektor einen grundlegenden Wandel, dessen Geschwindigkeit immer weiter zunimmt. Um darin als Unternehmen zu bestehen und innovativ voranzugehen, reicht es nicht aus, auf Entwicklungen zu reagieren. Vielmehr m\u00fcssen diese Entwicklungen und die neuen Bed\u00fcrfnisse [&hellip;]<\/p>\n","protected":false},"author":1,"featured_media":0,"parent":549,"menu_order":1,"comment_status":"closed","ping_status":"closed","template":"","meta":{"ngg_post_thumbnail":0,"footnotes":""},"class_list":["post-558","page","type-page","status-publish"],"_links":{"self":[{"href":"https:\/\/indiger.net\/index.php?rest_route=\/wp\/v2\/pages\/558"}],"collection":[{"href":"https:\/\/indiger.net\/index.php?rest_route=\/wp\/v2\/pages"}],"about":[{"href":"https:\/\/indiger.net\/index.php?rest_route=\/wp\/v2\/types\/page"}],"author":[{"embeddable":true,"href":"https:\/\/indiger.net\/index.php?rest_route=\/wp\/v2\/users\/1"}],"replies":[{"embeddable":true,"href":"https:\/\/indiger.net\/index.php?rest_route=%2Fwp%2Fv2%2Fcomments&post=558"}],"version-history":[{"count":2,"href":"https:\/\/indiger.net\/index.php?rest_route=\/wp\/v2\/pages\/558\/revisions"}],"predecessor-version":[{"id":654,"href":"https:\/\/indiger.net\/index.php?rest_route=\/wp\/v2\/pages\/558\/revisions\/654"}],"up":[{"embeddable":true,"href":"https:\/\/indiger.net\/index.php?rest_route=\/wp\/v2\/pages\/549"}],"wp:attachment":[{"href":"https:\/\/indiger.net\/index.php?rest_route=%2Fwp%2Fv2%2Fmedia&parent=558"}],"curies":[{"name":"wp","href":"https:\/\/api.w.org\/{rel}","templated":true}]}}