{"id":553,"date":"2016-03-18T15:05:35","date_gmt":"2016-03-18T15:05:35","guid":{"rendered":"https:\/\/websites.fraunhofer.de\/indiger\/?page_id=553"},"modified":"2016-03-23T10:07:22","modified_gmt":"2016-03-23T10:07:22","slug":"kathrin-m-moeslein","status":"publish","type":"page","link":"https:\/\/indiger.net\/?page_id=553","title":{"rendered":"Kathrin M. M\u00f6slein"},"content":{"rendered":"<h3>Prof. Dr. Kathrin M. M\u00f6slein, Friedrich-Alexander-Universit\u00e4t Erlangen-N\u00fcrnberg &amp; HHL Leipzig Graduate School of Management<\/h3>\n<h4>Statement<\/h4>\n<p>\u201cMensch unterliegt Maschine\u201c: T\u00e4glich st\u00f6\u00dft man aktuell auf diese und \u00e4hnliche \u00dcberschriften \u2013 sei es, weil ein Algorithmus den Go-Weltmeister schl\u00e4gt, weil ein Roboter ungeahnte Produktivit\u00e4t verspricht oder mein Einkaufsportal mehr dar\u00fcber wei\u00df, was ich kaufen m\u00f6chte, als ich selbst in dem Moment. Das ist spannend, zum Teil be\u00e4ngstigend, zum Teil faszinierend \u2013 und doch ist dieser Mensch-Maschine-Wettkampf kein neues Ph\u00e4nomen, sondern vielmehr ein Dauerbrenner, seit Menschen Maschinen bauen. Geblendet durch die Faszination der Maschine stehen die wirklich spannenden Innovationen und Dienstleistungen von und f\u00fcr Menschen h\u00e4ufig eher im Schatten. Von ihnen will der Vortrag berichten. Denn Menschen machen Innovationen \u2013 gemeinsam, offen, digital!<\/p>\n<div id=\"attachment_556\" style=\"width: 310px\" class=\"wp-caption alignleft\"><a href=\"https:\/\/indiger.net\/wp-content\/uploads\/2016\/03\/M\u00f6slein_177.jpg\" rel=\"attachment wp-att-556\"><img loading=\"lazy\" decoding=\"async\" aria-describedby=\"caption-attachment-556\" class=\"wp-image-556 size-medium\" src=\"https:\/\/indiger.net\/wp-content\/uploads\/2016\/03\/M\u00f6slein_177-300x225.jpg\" alt=\"Prof. Dr. M. M\u00f6slein\" width=\"300\" height=\"225\" srcset=\"https:\/\/indiger.net\/wp-content\/uploads\/2016\/03\/M\u00f6slein_177-300x225.jpg 300w, https:\/\/indiger.net\/wp-content\/uploads\/2016\/03\/M\u00f6slein_177-768x576.jpg 768w, https:\/\/indiger.net\/wp-content\/uploads\/2016\/03\/M\u00f6slein_177-1024x768.jpg 1024w, https:\/\/indiger.net\/wp-content\/uploads\/2016\/03\/M\u00f6slein_177.jpg 1772w\" sizes=\"(max-width: 300px) 100vw, 300px\" \/><\/a><p id=\"caption-attachment-556\" class=\"wp-caption-text\">Prof. Dr. M. M\u00f6slein<\/p><\/div>\n<h4>Vita<\/h4>\n<p>Kathrin M\u00f6slein ist Inhaberin des Lehrstuhls f\u00fcr Wirtschaftsinformatik, insbes. Innovation und Wertsch\u00f6pfung am Fachbereich Wirtschaftswissenschaften der Universit\u00e4t Erlangen-N\u00fcrnberg. Sie ist zugleich Forschungsprofessorin und Mitglied im Direktorium des Center for Leading Innovation &amp; Cooperation (CLIC) an der Handelshochschule Leipzig.<br \/>\nKathrin M\u00f6slein wirkte u.a. als Associate Director des Advanced Institute of Management Research (AIM) an der London Business School (2003-2005), als Vizepr\u00e4sidentin der EURAM &#8211; European Academy of Management (2006-2012), als Forschungsdekan des Fachbereichs Wirtschafts\u00acwissenschaften an der Universit\u00e4t Erlangen-N\u00fcrnberg (2007-2012) und im Business School Panel des UK Research Excellence Framework (UK REF 2014). Aktuell ist sie u.a. Mitglied im Beirat der Peter Pribilla-Stiftung der Technischen Universit\u00e4t M\u00fcnchen (TUM), des Fraunhofer IIS-SCS, Erlangen, und der Cambridge Service Alliance (CSA) an der University of Cambridge. Ihre Forschungs- und Arbeitsschwerpunkte liegen im Bereich der strategischen Innovation, Kooperation und F\u00fchrung sowie ihrer IT-Unterst\u00fctzung im Unternehmen. Aktuelle Forschungsprojekte behandeln Fragen der interaktiven Wertsch\u00f6pfung, der Innovationsentwicklung, der Open Innovation sowie der Entwicklung und Umsetzung von Innovationsstrategien und F\u00fchrungssystemen in Unternehmen und M\u00e4rkten.<\/p>\n","protected":false},"excerpt":{"rendered":"<p>Prof. Dr. Kathrin M. M\u00f6slein, Friedrich-Alexander-Universit\u00e4t Erlangen-N\u00fcrnberg &amp; HHL Leipzig Graduate School of Management Statement \u201cMensch unterliegt Maschine\u201c: T\u00e4glich st\u00f6\u00dft man aktuell auf diese und \u00e4hnliche \u00dcberschriften \u2013 sei es, weil ein Algorithmus den Go-Weltmeister schl\u00e4gt, weil ein Roboter ungeahnte Produktivit\u00e4t verspricht oder mein Einkaufsportal mehr dar\u00fcber wei\u00df, was ich kaufen m\u00f6chte, als ich selbst [&hellip;]<\/p>\n","protected":false},"author":1,"featured_media":0,"parent":549,"menu_order":0,"comment_status":"closed","ping_status":"closed","template":"","meta":{"ngg_post_thumbnail":0,"footnotes":""},"class_list":["post-553","page","type-page","status-publish"],"_links":{"self":[{"href":"https:\/\/indiger.net\/index.php?rest_route=\/wp\/v2\/pages\/553"}],"collection":[{"href":"https:\/\/indiger.net\/index.php?rest_route=\/wp\/v2\/pages"}],"about":[{"href":"https:\/\/indiger.net\/index.php?rest_route=\/wp\/v2\/types\/page"}],"author":[{"embeddable":true,"href":"https:\/\/indiger.net\/index.php?rest_route=\/wp\/v2\/users\/1"}],"replies":[{"embeddable":true,"href":"https:\/\/indiger.net\/index.php?rest_route=%2Fwp%2Fv2%2Fcomments&post=553"}],"version-history":[{"count":3,"href":"https:\/\/indiger.net\/index.php?rest_route=\/wp\/v2\/pages\/553\/revisions"}],"predecessor-version":[{"id":648,"href":"https:\/\/indiger.net\/index.php?rest_route=\/wp\/v2\/pages\/553\/revisions\/648"}],"up":[{"embeddable":true,"href":"https:\/\/indiger.net\/index.php?rest_route=\/wp\/v2\/pages\/549"}],"wp:attachment":[{"href":"https:\/\/indiger.net\/index.php?rest_route=%2Fwp%2Fv2%2Fmedia&parent=553"}],"curies":[{"name":"wp","href":"https:\/\/api.w.org\/{rel}","templated":true}]}}