{"id":55,"date":"2014-11-28T16:27:38","date_gmt":"2014-11-28T16:27:38","guid":{"rendered":"https:\/\/websites.fraunhofer.de\/indiger\/?page_id=55"},"modified":"2023-09-14T07:42:09","modified_gmt":"2023-09-14T07:42:09","slug":"gediremo","status":"publish","type":"page","link":"https:\/\/indiger.net\/?page_id=55","title":{"rendered":"Gesundheits- und Dienstleistungsregionen (GeDiReMo)"},"content":{"rendered":"<p>Aus dem Wettbewerb &#8220;<a href=\"?page_id=184\">Gesundheits- und Dienstleistungsregionen von morgen<\/a>&#8221; des BMBF gingen f\u00fcnf Gewinnerregionen hervor:<\/p>\n<ul>\n<li><a href=\"?page_id=93\">FISnet Augsburg<\/a> &#8211; Flexible und individualisierte Netzwerke f\u00fcr pr\u00e4ventive Gesundheitsdienstleistungen in der Region Augsburg\/Schwaben<\/li>\n<li><a href=\"?page_id=95\">VorteilJena <\/a>&#8211; Vorbeugen durch Teilhabe: f\u00fcr ein gesundes Miteinander in der Region Jena<\/li>\n<li><a href=\"?page_id=97\">PNO Ortenau<\/a> &#8211; Pr\u00e4ventionsnetzwerk Ortenaukreis in der Region Ortenaukreis<\/li>\n<li><a href=\"?page_id=99\">QuartiersNETZ Ruhrgebiet<\/a> &#8211; \u00c4ltere als (Ko-)Produzenten von Quartiersnetzwerken in der Region Ruhrgebiet<\/li>\n<li><a href=\"?page_id=101\">Chemnitz+<\/a> &#8211; Zukunftsregion lebenswert gestalten in der Region Mittleres Sachsen<\/li>\n<\/ul>\n<p>Die Gewinnerregionen sind darauf ausgerichtet, die gesellschaftlichen Herausforderungen als Chance zu nutzen. Gemeinsam &#8220;vor Ort&#8221; sollen passgenaue und umsetzbare Konzepte f\u00fcr die folgenden Ziele entwickelt und erprobt werden: Regionale Dienstleistungsnetzwerke sollen optimal auf die Bed\u00fcrfnisse der Menschen ausgerichtet werden; Wohnungen sollen auf die Erfordernisse \u00e4lterer Menschen angepasst werden; Inklusion in verschiedenen Lebensphasen soll die soziale Teilhabe und Lebensqualit\u00e4t der Menschen verbessern; Gesundheitsf\u00f6rderung in Kindertagesst\u00e4tten und Schulen soll gest\u00e4rkt werden.<\/p>\n<p>Dadurch soll die Lebensqualit\u00e4t und Gesundheit der Menschen bis ins hohe Alter positiv beeinflusst werden. Die Ergebnisse sollen anschlie\u00dfend als Modelle und Vorbilder f\u00fcr andere Regionen in Deutschland dienen.<\/p>\n","protected":false},"excerpt":{"rendered":"<p>Aus dem Wettbewerb &#8220;Gesundheits- und Dienstleistungsregionen von morgen&#8221; des BMBF gingen f\u00fcnf Gewinnerregionen hervor: FISnet Augsburg &#8211; Flexible und individualisierte Netzwerke f\u00fcr pr\u00e4ventive Gesundheitsdienstleistungen in der Region Augsburg\/Schwaben VorteilJena &#8211; Vorbeugen durch Teilhabe: f\u00fcr ein gesundes Miteinander in der Region Jena PNO Ortenau &#8211; Pr\u00e4ventionsnetzwerk Ortenaukreis in der Region Ortenaukreis QuartiersNETZ Ruhrgebiet &#8211; \u00c4ltere als [&hellip;]<\/p>\n","protected":false},"author":1,"featured_media":0,"parent":0,"menu_order":0,"comment_status":"closed","ping_status":"closed","template":"","meta":{"ngg_post_thumbnail":0,"footnotes":""},"class_list":["post-55","page","type-page","status-publish"],"_links":{"self":[{"href":"https:\/\/indiger.net\/index.php?rest_route=\/wp\/v2\/pages\/55"}],"collection":[{"href":"https:\/\/indiger.net\/index.php?rest_route=\/wp\/v2\/pages"}],"about":[{"href":"https:\/\/indiger.net\/index.php?rest_route=\/wp\/v2\/types\/page"}],"author":[{"embeddable":true,"href":"https:\/\/indiger.net\/index.php?rest_route=\/wp\/v2\/users\/1"}],"replies":[{"embeddable":true,"href":"https:\/\/indiger.net\/index.php?rest_route=%2Fwp%2Fv2%2Fcomments&post=55"}],"version-history":[{"count":14,"href":"https:\/\/indiger.net\/index.php?rest_route=\/wp\/v2\/pages\/55\/revisions"}],"predecessor-version":[{"id":3611,"href":"https:\/\/indiger.net\/index.php?rest_route=\/wp\/v2\/pages\/55\/revisions\/3611"}],"wp:attachment":[{"href":"https:\/\/indiger.net\/index.php?rest_route=%2Fwp%2Fv2%2Fmedia&parent=55"}],"curies":[{"name":"wp","href":"https:\/\/api.w.org\/{rel}","templated":true}]}}