{"id":47,"date":"2014-11-28T16:08:25","date_gmt":"2014-11-28T16:08:25","guid":{"rendered":"https:\/\/websites.fraunhofer.de\/indiger\/?page_id=47"},"modified":"2015-01-15T16:20:20","modified_gmt":"2015-01-15T16:20:20","slug":"steinbeis-hochschule","status":"publish","type":"page","link":"https:\/\/indiger.net\/?page_id=47","title":{"rendered":"Steinbeis-Hochschule"},"content":{"rendered":"<h3>Wirkung von kooperativer Leistungserbringung in Netzwerken<\/h3>\n<p>Gemeinsam mit dem Institut f\u00fcr Allgemeinmedizin der Universit\u00e4tsklinikums Hamburg Eppendorf besch\u00e4ftigt sich das Institute for Public Health and Healthcare NRW der Steinbeis-Hochschule Berlin mit der Wirkung von Netzwerken auf Gesundheit.<br \/>\nZentraler Aspekt ist dabei, die Netzwerke, die gemeinsam Leistungen in einer Region erbringen, in die Lage zu versetzen, die Wirkung ihres Leistungsangebots vor Ort f\u00fcr sich zu bewerten. Entwickelt werden Verfahren, die Netzwerkakteure dabei unterst\u00fctzen, Kriterien der Zielerreichung festzulegen, Indikatoren zu deren Messung zu benennen und Wirkungen ihrer Netzwerkaktivit\u00e4ten zu verschiedenen Zeitpunkten zu messen. Auf Grundlage solcher M\u00f6glichkeiten zur Selbst\u00fcberpr\u00fcfung k\u00f6nnen aktive Netzwerke, falls erforderlich, im Zeitablauf Ver\u00e4nderungen ihrer Strukturen, Prozesse und Angebote vornehmen.<\/p>\n<h3>Institute for Public Health and Healthcare Nordrhein Westfalen der Steinbeis-Hochschule Berlin<\/h3>\n<p>Das Institute for Public Health and Healthcare Nordrhein Westfalen ist eine Niederlassung der Steinbeis Hochschule Berlin. Zertifikatslehrg\u00e4nge, Bachelor- und Masterstudieng\u00e4nge und Promotionen im Bereich des Sozial- und Gesundheitswesens werden hier durchgef\u00fchrt. Es orientiert sich an der Philosophie der Steinbeis Hochschule Berlin, innovativ zu sein, Erfahrung mit aktuellem Fachwissen zu verkn\u00fcpfen und den Mut zu haben, Neues und oft Unkonventionelles anzugehen. Ad\u00e4quate Strukturen f\u00fcr Lehr- und Lernformen abseits der konventionellen Wege erm\u00f6glichen an der Steinbeis Hochschule einen Wissenstransfer, der dieses konkrete Fachwissen vermittelt und innovative Arbeit von Fach- und F\u00fchrungskr\u00e4ften unterst\u00fctzt. Zentraler Aspekte dieses Konzepts sind lebenslanges und berufsbegleitendes Lernen, sowie die Verzahnung von Theorie und Praxis. Dabei gilt es einerseits inhaltliche und organisatorische Anforderungen von Unternehmen und andererseits die Vereinbarkeit von Bildung und Beruf zu ber\u00fccksichtigen.<\/p>\n<div id=\"attachment_161\" style=\"width: 1297px\" class=\"wp-caption alignnone\"><img loading=\"lazy\" decoding=\"async\" aria-describedby=\"caption-attachment-161\" class=\"wp-image-161 size-full\" src=\"https:\/\/indiger.net\/wp-content\/uploads\/2014\/11\/steinbeis001.jpg\" alt=\"Steinbeis-Hochschule\" width=\"1287\" height=\"600\" srcset=\"https:\/\/indiger.net\/wp-content\/uploads\/2014\/11\/steinbeis001.jpg 1287w, https:\/\/indiger.net\/wp-content\/uploads\/2014\/11\/steinbeis001-300x139.jpg 300w, https:\/\/indiger.net\/wp-content\/uploads\/2014\/11\/steinbeis001-1024x477.jpg 1024w\" sizes=\"(max-width: 1287px) 100vw, 1287px\" \/><p id=\"caption-attachment-161\" class=\"wp-caption-text\">Campus der Steinbeis-Hochschule<\/p><\/div>\n<p>Die Steinbeis Hochschule Berlin verf\u00fcgt \u00fcber ein enges Verbundnetzwerk von Institutionen aus verschiedenen Wirtschaftsbereichen. Das Institute for Public Health and Healthcare NRW der Steinbeis Hochschule unterh\u00e4lt enge Kontakte zu Institutionen und Unternehmen der Gesundheits- und Sozialwirtschaft. Es bietet eines der modernsten Simulationszentren im Bereich Intensiv- und An\u00e4sthesiemedizin an.<\/p>\n<div id=\"attachment_163\" style=\"width: 1010px\" class=\"wp-caption alignnone\"><img loading=\"lazy\" decoding=\"async\" aria-describedby=\"caption-attachment-163\" class=\"wp-image-163 size-full\" src=\"https:\/\/indiger.net\/wp-content\/uploads\/2014\/11\/steinbeis002.jpg\" alt=\"Steinbeis Simulationszentrum \" width=\"1000\" height=\"357\" srcset=\"https:\/\/indiger.net\/wp-content\/uploads\/2014\/11\/steinbeis002.jpg 1000w, https:\/\/indiger.net\/wp-content\/uploads\/2014\/11\/steinbeis002-300x107.jpg 300w\" sizes=\"(max-width: 1000px) 100vw, 1000px\" \/><p id=\"caption-attachment-163\" class=\"wp-caption-text\">Steinbeis Simulationszentrum f\u00fcr Intensiv- und An\u00e4sthesiemedizin<\/p><\/div>\n<h3>Kontakt<\/h3>\n<p><img loading=\"lazy\" decoding=\"async\" class=\"alignnone size-medium wp-image-82\" src=\"https:\/\/indiger.net\/wp-content\/uploads\/2014\/11\/Logo_STW_InstituteForPubilcHealthAndHealthcare_NRW-300x98.jpg\" alt=\"Institute For Pubilc Health And Healthcare NRW\" width=\"300\" height=\"98\" srcset=\"https:\/\/indiger.net\/wp-content\/uploads\/2014\/11\/Logo_STW_InstituteForPubilcHealthAndHealthcare_NRW-300x98.jpg 300w, https:\/\/indiger.net\/wp-content\/uploads\/2014\/11\/Logo_STW_InstituteForPubilcHealthAndHealthcare_NRW.jpg 1024w\" sizes=\"(max-width: 300px) 100vw, 300px\" \/><\/p>\n<p>Prof. Dr. Herbert Hockauf<br \/>\nInstitute for Public Health and Healthcare NRW der Steinbeis-Hochschule Berlin<\/p>\n<p><a href=\"info@dggp-online.de\">info@dggp-online.de<\/a><\/p>\n","protected":false},"excerpt":{"rendered":"<p>Wirkung von kooperativer Leistungserbringung in Netzwerken Gemeinsam mit dem Institut f\u00fcr Allgemeinmedizin der Universit\u00e4tsklinikums Hamburg Eppendorf besch\u00e4ftigt sich das Institute for Public Health and Healthcare NRW der Steinbeis-Hochschule Berlin mit der Wirkung von Netzwerken auf Gesundheit. Zentraler Aspekt ist dabei, die Netzwerke, die gemeinsam Leistungen in einer Region erbringen, in die Lage zu versetzen, die [&hellip;]<\/p>\n","protected":false},"author":1,"featured_media":0,"parent":18,"menu_order":0,"comment_status":"closed","ping_status":"closed","template":"","meta":{"ngg_post_thumbnail":0,"footnotes":""},"class_list":["post-47","page","type-page","status-publish"],"_links":{"self":[{"href":"https:\/\/indiger.net\/index.php?rest_route=\/wp\/v2\/pages\/47"}],"collection":[{"href":"https:\/\/indiger.net\/index.php?rest_route=\/wp\/v2\/pages"}],"about":[{"href":"https:\/\/indiger.net\/index.php?rest_route=\/wp\/v2\/types\/page"}],"author":[{"embeddable":true,"href":"https:\/\/indiger.net\/index.php?rest_route=\/wp\/v2\/users\/1"}],"replies":[{"embeddable":true,"href":"https:\/\/indiger.net\/index.php?rest_route=%2Fwp%2Fv2%2Fcomments&post=47"}],"version-history":[{"count":10,"href":"https:\/\/indiger.net\/index.php?rest_route=\/wp\/v2\/pages\/47\/revisions"}],"predecessor-version":[{"id":208,"href":"https:\/\/indiger.net\/index.php?rest_route=\/wp\/v2\/pages\/47\/revisions\/208"}],"up":[{"embeddable":true,"href":"https:\/\/indiger.net\/index.php?rest_route=\/wp\/v2\/pages\/18"}],"wp:attachment":[{"href":"https:\/\/indiger.net\/index.php?rest_route=%2Fwp%2Fv2%2Fmedia&parent=47"}],"curies":[{"name":"wp","href":"https:\/\/api.w.org\/{rel}","templated":true}]}}