{"id":45,"date":"2014-11-28T16:01:28","date_gmt":"2014-11-28T16:01:28","guid":{"rendered":"https:\/\/websites.fraunhofer.de\/indiger\/?page_id=45"},"modified":"2018-10-22T18:21:11","modified_gmt":"2018-10-22T18:21:11","slug":"universitaet-bayreuth","status":"publish","type":"page","link":"https:\/\/indiger.net\/?page_id=45","title":{"rendered":"Universit\u00e4t Bayreuth"},"content":{"rendered":"<h3>Was kann Netzwerke nachhaltig machen?<\/h3>\n<p>Der Lehrstuhl f\u00fcr Wirtschaftsinformatik der Universit\u00e4t Bayreuth legt den Schwerpunkt der Forschungsarbeit auf die Sammlung und Analyse von Strukturen, Prozessen und Gestaltung der informationstechnischen Infrastruktur zur Unterst\u00fctzung der Zusammenarbeit in Netzwerken. Es wird erforscht, wie die Leistungserbringung in innovativen Dienstleistungsnetzwerken m\u00f6glichst effektiv, produktiv und nachhaltig erfolgen kann und wie sich Nutzen und Qualit\u00e4t von vernetzten Leistungsangeboten erh\u00f6hen lassen. Ein weiterer Schwerpunkt liegt auf der optimalen Vernetzung bestehender Leistungsangebote in den Bereichen Pr\u00e4vention, Gesundheit und Pflege.<\/p>\n<h3>Brosch\u00fcren<\/h3>\n<p><a href=\"https:\/\/indiger.net\/wp-content\/uploads\/2018\/03\/INDiGeR_Netzwerk-Mngt_Uni-BT.pdf\" target=\"_blank\"><img loading=\"lazy\" decoding=\"async\" src=\"https:\/\/indiger.net\/wp-content\/uploads\/2018\/04\/BR-Uni-BT-214x300.png\" alt=\"\" width=\"214\" height=\"300\" class=\"alignnone size-medium wp-image-1170\" srcset=\"https:\/\/indiger.net\/wp-content\/uploads\/2018\/04\/BR-Uni-BT-214x300.png 214w, https:\/\/indiger.net\/wp-content\/uploads\/2018\/04\/BR-Uni-BT.png 395w\" sizes=\"(max-width: 214px) 100vw, 214px\" \/><\/a><br \/>\nAus dem Arbeitspaket zum Netzwerkmanagement, das federf\u00fchrend von der Universit\u00e4t Bayreuth verantwortet wird, finden Sie hier zum einen die Brosch\u00fcre <a href=\"https:\/\/indiger.net\/wp-content\/uploads\/2018\/03\/INDiGeR_Netzwerk-Mngt_Uni-BT.pdf\" target=\"_blank\">\u00bbGestaltung von erfolgreichem Netzwerkmanagement f\u00fcr Gesundheitsnetzwerke\u00ab<\/a> von: Torsten Eymann, Christoph Buck, Simone Burster, Serkan Sarikaya.<br \/>\n<a href=\"https:\/\/indiger.net\/wp-content\/uploads\/2018\/10\/INDIGER_UNI-BT_Reifegrade.pdf\" target=\"_blank\"><img loading=\"lazy\" decoding=\"async\" src=\"https:\/\/indiger.net\/wp-content\/uploads\/2018\/10\/INDIGER_UNI-BT_Reifegrade_Cover.png\" alt=\"\" width=\"212\" height=\"300\" class=\"alignnone size-full wp-image-1392\" \/><\/a><br \/>\nAu\u00dferdem entstand die Brosch\u00fcre <a href=\"https:\/\/indiger.net\/wp-content\/uploads\/2018\/10\/INDIGER_UNI-BT_Reifegrade.pdf\" target=\"_blank\">\u00bbReifegradmodelle zur Gestaltung und Entwicklung erfolgreicher Gesundheitsnetzwerke\u00ab<\/a> von Torsten Eymann, Christoph Buck, Simone Burster, Serkan Sarikaya, Laura Behrens und Christian Keweloh. Der in dieser Brosch\u00fcre beschriebene Reifegradansatz f\u00fcr Netzwerke ist Grundlage einer <a href=\"https:\/\/indiger.net\/?p=1386\">Onlinehilfe<\/a>, mit Sie den Reifegrad Ihres Netzwerkes einsch\u00e4tzen und je nach Auspr\u00e4gung erste differenzierte Hinweise f\u00fcr Netzwerkmanagement erhalten k\u00f6nnen.<\/p>\n<h3>Kontakt<\/h3>\n<p><img loading=\"lazy\" decoding=\"async\" class=\"alignnone size-medium wp-image-85\" src=\"https:\/\/indiger.net\/wp-content\/uploads\/2014\/11\/Logo_gruen_eps-cmyk-300x94.png\" alt=\"Logo Universit\u00e4t Bayreuth\" width=\"300\" height=\"94\" srcset=\"https:\/\/indiger.net\/wp-content\/uploads\/2014\/11\/Logo_gruen_eps-cmyk-300x94.png 300w, https:\/\/indiger.net\/wp-content\/uploads\/2014\/11\/Logo_gruen_eps-cmyk.png 558w\" sizes=\"(max-width: 300px) 100vw, 300px\" \/><\/p>\n<p>Prof. Dr. Torsten Eymann<br \/>\nLehrstuhl f\u00fcr Wirtschaftsinformatik, Universit\u00e4t Bayreuth<\/p>\n<p><a href=\"mailto:eymann@uni-bayreuth.de\">eymann@uni-bayreuth.de<\/a><\/p>\n","protected":false},"excerpt":{"rendered":"<p>Was kann Netzwerke nachhaltig machen? Der Lehrstuhl f\u00fcr Wirtschaftsinformatik der Universit\u00e4t Bayreuth legt den Schwerpunkt der Forschungsarbeit auf die Sammlung und Analyse von Strukturen, Prozessen und Gestaltung der informationstechnischen Infrastruktur zur Unterst\u00fctzung der Zusammenarbeit in Netzwerken. Es wird erforscht, wie die Leistungserbringung in innovativen Dienstleistungsnetzwerken m\u00f6glichst effektiv, produktiv und nachhaltig erfolgen kann und wie sich [&hellip;]<\/p>\n","protected":false},"author":1,"featured_media":0,"parent":18,"menu_order":0,"comment_status":"closed","ping_status":"closed","template":"","meta":{"ngg_post_thumbnail":0,"footnotes":""},"class_list":["post-45","page","type-page","status-publish"],"_links":{"self":[{"href":"https:\/\/indiger.net\/index.php?rest_route=\/wp\/v2\/pages\/45"}],"collection":[{"href":"https:\/\/indiger.net\/index.php?rest_route=\/wp\/v2\/pages"}],"about":[{"href":"https:\/\/indiger.net\/index.php?rest_route=\/wp\/v2\/types\/page"}],"author":[{"embeddable":true,"href":"https:\/\/indiger.net\/index.php?rest_route=\/wp\/v2\/users\/1"}],"replies":[{"embeddable":true,"href":"https:\/\/indiger.net\/index.php?rest_route=%2Fwp%2Fv2%2Fcomments&post=45"}],"version-history":[{"count":10,"href":"https:\/\/indiger.net\/index.php?rest_route=\/wp\/v2\/pages\/45\/revisions"}],"predecessor-version":[{"id":1401,"href":"https:\/\/indiger.net\/index.php?rest_route=\/wp\/v2\/pages\/45\/revisions\/1401"}],"up":[{"embeddable":true,"href":"https:\/\/indiger.net\/index.php?rest_route=\/wp\/v2\/pages\/18"}],"wp:attachment":[{"href":"https:\/\/indiger.net\/index.php?rest_route=%2Fwp%2Fv2%2Fmedia&parent=45"}],"curies":[{"name":"wp","href":"https:\/\/api.w.org\/{rel}","templated":true}]}}