{"id":427,"date":"2015-11-07T13:47:07","date_gmt":"2015-11-07T13:47:07","guid":{"rendered":"https:\/\/websites.fraunhofer.de\/indiger\/?page_id=427"},"modified":"2022-06-10T07:53:01","modified_gmt":"2022-06-10T07:53:01","slug":"bernhard-calmer","status":"publish","type":"page","link":"https:\/\/indiger.net\/?page_id=427","title":{"rendered":"Bernhard Calmer"},"content":{"rendered":"<h3>Funktion<\/h3>\n<p>Bernhard Calmer ist Head of Business Development Germany der Cerner Health Services Deutschland GmbH.<\/p>\n<p><a href=\"https:\/\/indiger.net\/wp-content\/uploads\/2015\/11\/BC.jpg\"><img loading=\"lazy\" decoding=\"async\" class=\"alignleft wp-image-428\" src=\"https:\/\/indiger.net\/wp-content\/uploads\/2015\/11\/BC.jpg\" alt=\"Bernhard Calmer\" width=\"300\" height=\"200\" srcset=\"https:\/\/indiger.net\/wp-content\/uploads\/2015\/11\/BC.jpg 500w, https:\/\/indiger.net\/wp-content\/uploads\/2015\/11\/BC-300x200.jpg 300w\" sizes=\"(max-width: 300px) 100vw, 300px\" \/><\/a><\/p>\n<h3>Vita<\/h3>\n<p>Bernhard Calmer, 1963 geboren in Osnabr\u00fcck, studierte Betriebswirtschaft im Gesundheitswesen an der Fachhochschule Osnabr\u00fcck. <a href=\"https:\/\/www.replicawatches4shop.com\/\">Breitling Replica Watches<\/a> Nach Stationen als Wirtschaftspr\u00fcfer\/ -berater bei der Wirtschaftspr\u00fcfungsgesellschaft Treyde &amp; Stephan in Hamburg und als Assistent des Managements im Krankenhaus \u201eDeutsches Rotes Kreuz- und Freimaurer Hospital\u201c in Hamburg-Rissen, wechselte er 1994 zur Dataplan Software GmbH. Im Zuge der Umwandlung der SMS Dataplan GmbH &amp; Co. KG zur Siemens AG Medical Solutions, \u00fcbernahm Herr Calmer im Jahr 2000 die <a href=\"https:\/\/www.replicawatches4shop.com\/\">Breitling Replica<\/a> Aufgabe der Vertriebsleitung Region S\u00fcd, bis ihm 2002 die Leitung der Gesch\u00e4ftsentwicklung Deutschland \u00fcbertragen wurde. Von Mai 2004 bis September 2008 war Herr Calmer f\u00fcr das Businessmanagement Healthcare Information Systeme Deutschland verantwortlich. Im Oktober 2008 wurde ihm die <a href=\"https:\/\/www.gxwatches.com\/\">Cheap Cartier Replica<\/a> Leitung IT Vertrieb Healthcare Deutschland \u00fcbertragen, im Dezember 2012 die Leitung Business Development. Auch nach der \u00dcbernahme der Siemens Healthcare IT-Aktivit\u00e4ten durch die Cerner Corp. ist er f\u00fcr das Business Development in Deutschland und die Verbands- und politische Arbeit verantwortlich. Bernhard Calmer war von Februar <a href=\"https:\/\/www.gxwatches.com\/\">Cartier Replica Watches<\/a> 2008 Mitglied des Vorstands des Bundesverband Gesundheits-IT (bvitg &#8211; ehemals VHitG) und von September 2011 bis September 2014 dessen Vorsitzender.<\/p>\n","protected":false},"excerpt":{"rendered":"<p>Funktion Bernhard Calmer ist Head of Business Development Germany der Cerner Health Services Deutschland GmbH. Vita Bernhard Calmer, 1963 geboren in Osnabr\u00fcck, studierte Betriebswirtschaft im Gesundheitswesen an der Fachhochschule Osnabr\u00fcck. Breitling Replica Watches Nach Stationen als Wirtschaftspr\u00fcfer\/ -berater bei der Wirtschaftspr\u00fcfungsgesellschaft Treyde &amp; Stephan in Hamburg und als Assistent des Managements im Krankenhaus \u201eDeutsches Rotes [&hellip;]<\/p>\n","protected":false},"author":1,"featured_media":0,"parent":325,"menu_order":0,"comment_status":"closed","ping_status":"closed","template":"","meta":{"ngg_post_thumbnail":0,"footnotes":""},"class_list":["post-427","page","type-page","status-publish"],"_links":{"self":[{"href":"https:\/\/indiger.net\/index.php?rest_route=\/wp\/v2\/pages\/427"}],"collection":[{"href":"https:\/\/indiger.net\/index.php?rest_route=\/wp\/v2\/pages"}],"about":[{"href":"https:\/\/indiger.net\/index.php?rest_route=\/wp\/v2\/types\/page"}],"author":[{"embeddable":true,"href":"https:\/\/indiger.net\/index.php?rest_route=\/wp\/v2\/users\/1"}],"replies":[{"embeddable":true,"href":"https:\/\/indiger.net\/index.php?rest_route=%2Fwp%2Fv2%2Fcomments&post=427"}],"version-history":[{"count":6,"href":"https:\/\/indiger.net\/index.php?rest_route=\/wp\/v2\/pages\/427\/revisions"}],"predecessor-version":[{"id":2787,"href":"https:\/\/indiger.net\/index.php?rest_route=\/wp\/v2\/pages\/427\/revisions\/2787"}],"up":[{"embeddable":true,"href":"https:\/\/indiger.net\/index.php?rest_route=\/wp\/v2\/pages\/325"}],"wp:attachment":[{"href":"https:\/\/indiger.net\/index.php?rest_route=%2Fwp%2Fv2%2Fmedia&parent=427"}],"curies":[{"name":"wp","href":"https:\/\/api.w.org\/{rel}","templated":true}]}}