{"id":416,"date":"2015-09-18T14:40:47","date_gmt":"2015-09-18T14:40:47","guid":{"rendered":"https:\/\/websites.fraunhofer.de\/indiger\/?page_id=416"},"modified":"2015-09-18T14:46:59","modified_gmt":"2015-09-18T14:46:59","slug":"dr-axel-wehmeier","status":"publish","type":"page","link":"https:\/\/indiger.net\/?page_id=416","title":{"rendered":"Dr. Axel Wehmeier"},"content":{"rendered":"<h3>Funktion<\/h3>\n<p>Dr. Axel Wehmeier ist Sprecher der Gesch\u00e4ftsf\u00fchrung der Telekom Healthcare Solutions.<\/p>\n<p><a href=\"https:\/\/indiger.net\/wp-content\/uploads\/2015\/09\/AW.jpg\"><img loading=\"lazy\" decoding=\"async\" class=\"alignleft wp-image-417\" src=\"https:\/\/indiger.net\/wp-content\/uploads\/2015\/09\/AW.jpg\" alt=\"Dr. Axel Wehmeier\" width=\"300\" height=\"400\" srcset=\"https:\/\/indiger.net\/wp-content\/uploads\/2015\/09\/AW.jpg 360w, https:\/\/indiger.net\/wp-content\/uploads\/2015\/09\/AW-225x300.jpg 225w\" sizes=\"(max-width: 300px) 100vw, 300px\" \/><\/a><\/p>\n<h3>Beruflicher Werdegang<\/h3>\n<p>Nach seinem Studium der Volkswirtschaftslehre und Betriebswirtschaftslehre an der University of Texas und an der K\u00f6lner Universit\u00e4t arbeitete Axel Wehmeier als Referent Pricing bei der Deutschen Telekom AG.<br \/>\nAb 2002 widmete er sich als Leiter des Bereiches Regulatory and Principle sowie Projektleiter Novelle Telekommunikationsgesetz zun\u00e4chst der Regulierungs\u00f6konomie, dem Konzernpricing sowie den Regulierungsstrategien und -grunds\u00e4tzen des Unternehmens, ehe er 2004 die Leitung des Operating Office des CEO von T-Mobile \u00fcbernahm.<br \/>\nZuletzt von Dezember 2006 bis Juni 2010 leitete er Aufsichtsratsb\u00fcro sowie den Stab von Ren\u00e9 Obermann, dem ehemaligen Vorstandsvorsitzenden der Deutschen Telekom AG.<br \/>\nIm Juni 2010 wechselte er als Leiter des strategischen Gesch\u00e4ftsfelds Vernetztes Gesundheitswesen zu T-Systems und verantwortet hier als Gesch\u00e4ftsf\u00fchrer (Sprecher) seit 2014 die Telekom Healthcare Solutions.<\/p>\n","protected":false},"excerpt":{"rendered":"<p>Funktion Dr. Axel Wehmeier ist Sprecher der Gesch\u00e4ftsf\u00fchrung der Telekom Healthcare Solutions. Beruflicher Werdegang Nach seinem Studium der Volkswirtschaftslehre und Betriebswirtschaftslehre an der University of Texas und an der K\u00f6lner Universit\u00e4t arbeitete Axel Wehmeier als Referent Pricing bei der Deutschen Telekom AG. Ab 2002 widmete er sich als Leiter des Bereiches Regulatory and Principle sowie [&hellip;]<\/p>\n","protected":false},"author":1,"featured_media":0,"parent":325,"menu_order":0,"comment_status":"closed","ping_status":"closed","template":"","meta":{"ngg_post_thumbnail":0,"footnotes":""},"class_list":["post-416","page","type-page","status-publish"],"_links":{"self":[{"href":"https:\/\/indiger.net\/index.php?rest_route=\/wp\/v2\/pages\/416"}],"collection":[{"href":"https:\/\/indiger.net\/index.php?rest_route=\/wp\/v2\/pages"}],"about":[{"href":"https:\/\/indiger.net\/index.php?rest_route=\/wp\/v2\/types\/page"}],"author":[{"embeddable":true,"href":"https:\/\/indiger.net\/index.php?rest_route=\/wp\/v2\/users\/1"}],"replies":[{"embeddable":true,"href":"https:\/\/indiger.net\/index.php?rest_route=%2Fwp%2Fv2%2Fcomments&post=416"}],"version-history":[{"count":4,"href":"https:\/\/indiger.net\/index.php?rest_route=\/wp\/v2\/pages\/416\/revisions"}],"predecessor-version":[{"id":423,"href":"https:\/\/indiger.net\/index.php?rest_route=\/wp\/v2\/pages\/416\/revisions\/423"}],"up":[{"embeddable":true,"href":"https:\/\/indiger.net\/index.php?rest_route=\/wp\/v2\/pages\/325"}],"wp:attachment":[{"href":"https:\/\/indiger.net\/index.php?rest_route=%2Fwp%2Fv2%2Fmedia&parent=416"}],"curies":[{"name":"wp","href":"https:\/\/api.w.org\/{rel}","templated":true}]}}