{"id":41,"date":"2014-11-28T15:56:34","date_gmt":"2014-11-28T15:56:34","guid":{"rendered":"https:\/\/websites.fraunhofer.de\/indiger\/?page_id=41"},"modified":"2019-05-04T21:53:23","modified_gmt":"2019-05-04T21:53:23","slug":"dhbw-stuttgart","status":"publish","type":"page","link":"https:\/\/indiger.net\/?page_id=41","title":{"rendered":"DHBW Stuttgart"},"content":{"rendered":"<h3>Von der Idee zum Dienstleistungsprodukt \u2013 Tool-Kit zur Entwicklung konkreter Leistungsangebote<\/h3>\n<p>Prof. Dr. Susanne Sch\u00e4fer-Walkmann von der DHBW Stuttgart verantwortet mit ihrem Team das Teilvorhaben &#8220;Exploration von Service-Produktisierung und Rollout&#8221;. Im Hinblick auf die fachlichen Ziele dieses Teilvorhabens wird unter dem Stichwort \u201eProduktisierung\u201c der Fokus auf eine \u00dcberf\u00fchrung der entwickelten Forschungsergebnisse und prototypischen Leistungen in marktf\u00e4hige Leistungsangebote gerichtet. Im Mittelpunkt steht dabei die Unterst\u00fctzung der Modellregionen sowie von Initiativen und Projekten aus dem gef\u00f6rderten und nicht-gef\u00f6rderten Raum durch die Bereitstellung eines modular aufgebauten, anwenderbezogenen Tool-Kits zur Service-Produktisierung. Das Tool-Kit wird eine wissenschaftlich fundierte Informationsquelle f\u00fcr bestehende und zuk\u00fcnftige Forschungs- und Entwicklungsnetzwerke darstellen.<br \/>\nMit dem modularen, anwendungsorientierten Aufbau des Tool-Kits ist eine klare Strukturierung vorgegeben, deren Feingliederung nutzerbezogen im Projekt entwickelt wird. Somit verfolgt das Teilvorhaben \u201eExploration von Service-Produktisierung und Rollout\u201c insbesondere die folgenden fachlichen Ziele:<\/p>\n<ul>\n<li>Unterst\u00fctzung der Modellregionen bei der Entwicklung und Ausgestaltung ihres Produktportfolios<\/li>\n<li>Analyse und Systematisierung erfolgreich erprobter Produkte und Dienstleistungen<\/li>\n<li>Konzeptionierung und Entwicklung des Tool-Kits unter Einbezug der Erkenntnisse im Gesamtprojekt<\/li>\n<li>Begleitung der Testung von erfolgreichen Produkten und Dienstleistungen, die w\u00e4hrend der Erprobung entwickelt wurden<\/li>\n<li>Transfer und Nachhaltigkeit.<\/li>\n<\/ul>\n<h3>Brosch\u00fcren<\/h3>\n<p><a href=\"https:\/\/indiger.net\/wp-content\/uploads\/2018\/04\/INDiGeR-DHBW_web.pdf\"><img loading=\"lazy\" decoding=\"async\" class=\"alignnone size-medium wp-image-1219\" src=\"https:\/\/indiger.net\/wp-content\/uploads\/2018\/04\/INDiGeR-DHBW.png\" alt=\"\" width=\"211\" height=\"300\"><\/a><br \/>\nAus dem Arbeitspaket zur Produktisierung von Dienstleistungen, das federf\u00fchrend von der DHBW Stuttgart verantwortet wird, finden Sie hier die Brosch\u00fcre <a href=\"https:\/\/indiger.net\/wp-content\/uploads\/2018\/04\/INDiGeR-DHBW_web.pdf\">\u00bbIn Gesundheitsnetzen neue Dienstleistungen entwicklen und erfolgreich implementieren\u00ab<\/a> von: Susanne Sch\u00e4fer Walkmann, Alessa Peitz, Robert Walkmannn.<\/p>\n<p><a href=\"https:\/\/indiger.net\/wp-content\/uploads\/2019\/05\/INDiGeR-Toolkit_web.pdf\"><img loading=\"lazy\" decoding=\"async\" class=\"alignnone size-full wp-image-1448\" src=\"https:\/\/indiger.net\/wp-content\/uploads\/2019\/05\/INDiGeR-Toolkit_Cover.png\" alt=\"\" width=\"211\" height=\"300\" srcset=\"https:\/\/indiger.net\/wp-content\/uploads\/2019\/05\/INDiGeR-Toolkit_Cover.png 300w, https:\/\/indiger.net\/wp-content\/uploads\/2019\/05\/INDiGeR-Toolkit_Cover-212x300.png 212w\" sizes=\"(max-width: 211px) 100vw, 211px\" \/><\/a><\/p>\n<p>Au\u00dferdem ist zur Konzeption und Umsetzung des <a href=\"https:\/\/www.toolkit.indiger.net\" target=\"_blank\" rel=\"noopener\">INDiGeR-Toolkits<\/a> die Brosch\u00fcre <a href=\"https:\/\/indiger.net\/wp-content\/uploads\/2019\/05\/INDiGeR-Toolkit_web.pdf\" target=\"_blank\" rel=\"noopener\">\u00bbDas INDiGeR-Toolkit: Werkzeuge f\u00fcr Entwickler regionaler Dienstleistung- und Gesundheitsnetzwerke\u00ab<\/a> von Robert Walkmann, Susanne Sch\u00e4fer-Walkmann, Alessa Peitz entstanden.<\/p>\n<h3>Kontakt<\/h3>\n<p><img loading=\"lazy\" decoding=\"async\" class=\"alignnone size-full wp-image-169\" src=\"https:\/\/indiger.net\/wp-content\/uploads\/2014\/11\/DHBW_logo.png\" alt=\"DHBW Stuttgart\" width=\"270\" height=\"135\"><br \/>\nProf. Dr. Susanne Sch\u00e4fer-Walkmann<br \/>\nFakult\u00e4t Sozialwesen an der Dualen Hochschule Baden-W\u00fcrttemberg Stuttgart<br \/>\n<a href=\"mailto:susanne.schaefer-walkmann@dhbw-stuttgart.de\">susanne.schaefer-walkmann@dhbw-stuttgart.de<\/a><\/p>\n","protected":false},"excerpt":{"rendered":"<p>Von der Idee zum Dienstleistungsprodukt \u2013 Tool-Kit zur Entwicklung konkreter Leistungsangebote Prof. Dr. Susanne Sch\u00e4fer-Walkmann von der DHBW Stuttgart verantwortet mit ihrem Team das Teilvorhaben &#8220;Exploration von Service-Produktisierung und Rollout&#8221;. Im Hinblick auf die fachlichen Ziele dieses Teilvorhabens wird unter dem Stichwort \u201eProduktisierung\u201c der Fokus auf eine \u00dcberf\u00fchrung der entwickelten Forschungsergebnisse und prototypischen Leistungen in [&hellip;]<\/p>\n","protected":false},"author":1,"featured_media":0,"parent":18,"menu_order":0,"comment_status":"closed","ping_status":"closed","template":"","meta":{"ngg_post_thumbnail":0,"footnotes":""},"class_list":["post-41","page","type-page","status-publish"],"_links":{"self":[{"href":"https:\/\/indiger.net\/index.php?rest_route=\/wp\/v2\/pages\/41"}],"collection":[{"href":"https:\/\/indiger.net\/index.php?rest_route=\/wp\/v2\/pages"}],"about":[{"href":"https:\/\/indiger.net\/index.php?rest_route=\/wp\/v2\/types\/page"}],"author":[{"embeddable":true,"href":"https:\/\/indiger.net\/index.php?rest_route=\/wp\/v2\/users\/1"}],"replies":[{"embeddable":true,"href":"https:\/\/indiger.net\/index.php?rest_route=%2Fwp%2Fv2%2Fcomments&post=41"}],"version-history":[{"count":14,"href":"https:\/\/indiger.net\/index.php?rest_route=\/wp\/v2\/pages\/41\/revisions"}],"predecessor-version":[{"id":1462,"href":"https:\/\/indiger.net\/index.php?rest_route=\/wp\/v2\/pages\/41\/revisions\/1462"}],"up":[{"embeddable":true,"href":"https:\/\/indiger.net\/index.php?rest_route=\/wp\/v2\/pages\/18"}],"wp:attachment":[{"href":"https:\/\/indiger.net\/index.php?rest_route=%2Fwp%2Fv2%2Fmedia&parent=41"}],"curies":[{"name":"wp","href":"https:\/\/api.w.org\/{rel}","templated":true}]}}