{"id":366,"date":"2015-08-17T07:51:30","date_gmt":"2015-08-17T07:51:30","guid":{"rendered":"https:\/\/websites.fraunhofer.de\/indiger\/?page_id=366"},"modified":"2015-08-17T12:38:08","modified_gmt":"2015-08-17T12:38:08","slug":"michael-weller","status":"publish","type":"page","link":"https:\/\/indiger.net\/?page_id=366","title":{"rendered":"Michael Weller"},"content":{"rendered":"<h3>Funktion<\/h3>\n<p>Michael Weller ist Leiter des Stabsbereichs Politik im <a href=\"https:\/\/www.gkv-spitzenverband.de\" target=\"_blank\">GKV-Spitzenverband<\/a>.<br \/>\n<a href=\"https:\/\/indiger.net\/wp-content\/uploads\/2015\/08\/MW.jpg\"><img loading=\"lazy\" decoding=\"async\" class=\"alignleft wp-image-374\" src=\"https:\/\/indiger.net\/wp-content\/uploads\/2015\/08\/MW.jpg\" alt=\"Michael Weller\" width=\"300\" height=\"451\" srcset=\"https:\/\/indiger.net\/wp-content\/uploads\/2015\/08\/MW.jpg 500w, https:\/\/indiger.net\/wp-content\/uploads\/2015\/08\/MW-199x300.jpg 199w\" sizes=\"(max-width: 300px) 100vw, 300px\" \/><\/a><\/p>\n<h3>Vita und aktuelle T\u00e4tigkeitsschwerpunkte<\/h3>\n<h4>Beruflicher Werdegang<\/h4>\n<ul>\n<li>Seit 2008: Leiter des Stabsbereichs Politik im GKV-Spitzenverband.<\/li>\n<li>Bis 2007: Gesch\u00e4ftsf\u00fchrer Politik beim AOK\u2014Bundesverband<\/li>\n<li>Bis 1999: Grundsatzreferent f\u00fcr Gesundheitspolitik in der SPD-Bundestagsfraktion<\/li>\n<li>1980 &#8211; 1994: verschiedene T\u00e4tigkeiten bei GKV-Verband, Krankenkassen, u. a.<\/li>\n<li>1992: Abordnung in das Bundesministerium f\u00fcr Gesundheit<\/li>\n<li>1985 &#8211; 1991: Dozent im Bildungszentrum der AOK Rheinland-Pfalz<\/li>\n<\/ul>\n<h4>Aktuelle Themenschwerpunkte<\/h4>\n<ul>\n<li>Aufbau und Organisation Innovationsfonds f\u00fcr GKV-Seite<\/li>\n<li>Begleitung Gesetzgebungsverfahren u.a.:\n<ul>\n<li>Versorgungsst\u00e4rkungsgesetz<\/li>\n<li>Krankenhausreform<\/li>\n<li>e-health<\/li>\n<li>Pr\u00e4ventionsgesetz<\/li>\n<li>Pflegest\u00e4rkungsgesetz II<\/li>\n<\/ul>\n<\/li>\n<\/ul>\n","protected":false},"excerpt":{"rendered":"<p>Funktion Michael Weller ist Leiter des Stabsbereichs Politik im GKV-Spitzenverband. Vita und aktuelle T\u00e4tigkeitsschwerpunkte Beruflicher Werdegang Seit 2008: Leiter des Stabsbereichs Politik im GKV-Spitzenverband. Bis 2007: Gesch\u00e4ftsf\u00fchrer Politik beim AOK\u2014Bundesverband Bis 1999: Grundsatzreferent f\u00fcr Gesundheitspolitik in der SPD-Bundestagsfraktion 1980 &#8211; 1994: verschiedene T\u00e4tigkeiten bei GKV-Verband, Krankenkassen, u. a. 1992: Abordnung in das Bundesministerium f\u00fcr Gesundheit [&hellip;]<\/p>\n","protected":false},"author":1,"featured_media":0,"parent":325,"menu_order":0,"comment_status":"closed","ping_status":"closed","template":"","meta":{"ngg_post_thumbnail":0,"footnotes":""},"class_list":["post-366","page","type-page","status-publish"],"_links":{"self":[{"href":"https:\/\/indiger.net\/index.php?rest_route=\/wp\/v2\/pages\/366"}],"collection":[{"href":"https:\/\/indiger.net\/index.php?rest_route=\/wp\/v2\/pages"}],"about":[{"href":"https:\/\/indiger.net\/index.php?rest_route=\/wp\/v2\/types\/page"}],"author":[{"embeddable":true,"href":"https:\/\/indiger.net\/index.php?rest_route=\/wp\/v2\/users\/1"}],"replies":[{"embeddable":true,"href":"https:\/\/indiger.net\/index.php?rest_route=%2Fwp%2Fv2%2Fcomments&post=366"}],"version-history":[{"count":11,"href":"https:\/\/indiger.net\/index.php?rest_route=\/wp\/v2\/pages\/366\/revisions"}],"predecessor-version":[{"id":388,"href":"https:\/\/indiger.net\/index.php?rest_route=\/wp\/v2\/pages\/366\/revisions\/388"}],"up":[{"embeddable":true,"href":"https:\/\/indiger.net\/index.php?rest_route=\/wp\/v2\/pages\/325"}],"wp:attachment":[{"href":"https:\/\/indiger.net\/index.php?rest_route=%2Fwp%2Fv2%2Fmedia&parent=366"}],"curies":[{"name":"wp","href":"https:\/\/api.w.org\/{rel}","templated":true}]}}