{"id":350,"date":"2015-08-17T07:41:12","date_gmt":"2015-08-17T07:41:12","guid":{"rendered":"https:\/\/websites.fraunhofer.de\/indiger\/?page_id=350"},"modified":"2015-08-24T05:30:02","modified_gmt":"2015-08-24T05:30:02","slug":"prof-dr-thomas-meyer","status":"publish","type":"page","link":"https:\/\/indiger.net\/?page_id=350","title":{"rendered":"Prof. Dr. Thomas Meyer"},"content":{"rendered":"<h3>Funktion<\/h3>\n<p>Prof. Dr. Thomas Meyer ist Facharzt f\u00fcr Neurologie und Leiter der <a href=\"http:\/\/neurologie.charite.de\/patienten\/hochschulambulanzen\/amyotrophe_lateralsklerose_als_andere_motoneuronenerkrankungen\/\" target=\"_blank\">Ambulanz f\u00fcr Amyotrophe Lateralsklerose (ALS) und andere Motoneuronenerkrankungen an der Charit\u00e9 &#8211; Universit\u00e4tsmedizin Berlin<\/a>. Einer seiner Forschungsschwerpunkte liegt in der Durchf\u00fchrung klinischer Studien mit innovativen Medikamenten bei der ALS. Zu seinen aktuellen Forschungs- und Entwicklungsarbeiten geh\u00f6ren das Prototyping und die Implementierung von Internet-basierten L\u00f6sungen in der Home Care-Versorgung bei der ALS und anderen komplexen neurologischen Erkrankungen.<br \/>\n<a href=\"https:\/\/indiger.net\/wp-content\/uploads\/2015\/08\/TM.jpg\"><img loading=\"lazy\" decoding=\"async\" class=\"alignleft wp-image-352\" src=\"https:\/\/indiger.net\/wp-content\/uploads\/2015\/08\/TM.jpg\" alt=\"Prof. Dr. Thomas Meyer\" width=\"300\" height=\"450\" srcset=\"https:\/\/indiger.net\/wp-content\/uploads\/2015\/08\/TM.jpg 500w, https:\/\/indiger.net\/wp-content\/uploads\/2015\/08\/TM-200x300.jpg 200w\" sizes=\"(max-width: 300px) 100vw, 300px\" \/><\/a><\/p>\n<h3>Vita und Foschungsschwerpunkte<\/h3>\n<h4>Ausbildung<\/h4>\n<ul>\n<li>1988 &#8211; 1996: Studium der Medizin an der Charit\u00e9, Medizinische Hochschule der Humboldt Universit\u00e4t Berlin<\/li>\n<li>1994: Wissenschaftlicher Mitarbeiter an der Mount Sinai School of Medicine, New York, NY, USA<\/li>\n<li>1994 &#8211; 1995: Wissenschaftlicher Mitarbeiter am Max-Delbr\u00fcck-Centrum f\u00fcr Molekulare Medizin (MDC), Berlin<\/li>\n<li>1996: Promotion zum Thema: Molecular Characterization of Glutamate Transporters in ALS<\/li>\n<li>1996 &#8211; 1997: Assistenzarzt an den Kliniken f\u00fcr Neurologie an der Charit\u00e9 und dem Universit\u00e4tsklinikum Ulm<\/li>\n<li>2001: Habilitation im Fachgebiet Neurologie<\/li>\n<li>2001: Gr\u00fcnder der ALS-Ambulanz an der Klinik f\u00fcr Neurologie der Charit\u00e9<\/li>\n<li>2003 &#8211; 2004: Erwerb der Zusatzbezeichnung f\u00fcr Spezialisierte Neurologische Intensivmedizin<\/li>\n<li>2004: Oberarzt<\/li>\n<li>2007: Berufung zum Professor f\u00fcr Neurologie<\/li>\n<li>2013: Erwerb der Zusatzbezeichnung f\u00fcr Palliativmedizin<\/li>\n<\/ul>\n<h4>Wesentliche Arbeits- und Forschungsgebiete<\/h4>\n<ul>\n<li>Einrichtung der Ambulanz f\u00fcr ALS und andere Motoneuronenerkrankungen an der Charit\u00e9 in 2002 mit aktuell mehr als 800 Patienten.<\/li>\n<li>Aufbau der f\u00fchrenden Internet-Plattform f\u00fcr ALS <a href=\"http:\/\/www.als-charite.de\" target=\"_blank\">www.als-charite.de<\/a> ab 2003.<\/li>\n<li>Prototypisierung und Entwicklung eines IT-gest\u00fctzten Management-Systems f\u00fcr ALS (&#8220;ALS-Manager&#8221;), gef\u00f6rdert durch die Technologiestiftung Berlin (TSB); 2006-2007.<\/li>\n<li>Prototypisierung und Entwicklung eines telemedizinischen Systems f\u00fcr das Management h\u00e4uslicher Ern\u00e4hrungsberatung, gef\u00f6rdert von der Technologiestiftung Berlin (TSB); 2007-2008.<\/li>\n<li>Mitgr\u00fcnders der AmbulanzPartner SozioTechnologie GmbH, ein Spin-Offs der Charit\u00e9 f\u00fcr die Entwicklung und den Betrieb von Internet-basierten L\u00f6sungen in der komplexen ambulanten Versorgung; 2007.<\/li>\n<li>Beteiligung an <a href=\"http:\/\/www.uni-kassel.de\/fb07\/?id=38057\" target=\"_blank\">Mobile HybriCare<\/a>, ein BMBF-gef\u00f6rdertes Projekt zum Service Engineering in der Home Care-Versorgung unter Einbeziehung von Near Field Communication (NFC)<\/li>\n<li>Gr\u00fcndung und Betrieb der Web 2.0 Plattform f\u00fcr ALS <a href=\"http:\/\/ALSHome.de\" target=\"_blank\">ALSHome.de<\/a>, 2010 &#8211; 2012<\/li>\n<li>Gr\u00fcnder der Internet-Plattform <a href=\"https:\/\/www.ambulanzpartner.de\" target=\"_blank\">AmbulanzPartner<\/a> zur digitalen Unterst\u00fctzung der koordinierten ambulanten Versorgung, April 2011<\/li>\n<\/ul>\n<h3>Ausgew\u00e4hlte Literatur von Prof. Meyer zum Kontext von INDiGeR<\/h3>\n<ul>\n<ol>\n<li>Maier A, Holm T, Wicks P, Steinfurth L, Linke P, M\u00fcnch C, Meyer R, Meyer T. Online as-sessment of ALS functional rating scale compares well to in-clinic evaluation: a prospective trial. Amyotroph Lateral Scler. 2012;13:210-6.<\/li>\n<li>Holm T, Maier A, Wicks P, Lang D, Linke P, M\u00fcnch C, Steinfurth L, Meyer R, Meyer T. Severe loss of appetite in amyotrophic lateral sclerosis patients: online self-assessment study. Interact J Med Res. 2013;2:e8<\/li>\n<li>Meyer T, Gro\u00dfkreutz J, M\u00fcnch C, Maier A, Kettemann D, Meyer R, Grehl T. AmbulanzPartner \u2013 multiprofessionelles und internet-unterst\u00fctztes Versorgungsmanagement bei der ALS. Klin Neurophysiol 2013; 44:159-166<\/li>\n<li>Meyer T, Bienzeisler B, Klingner S. Perspektiven einer informationstechnologischen Unter\u00acst\u00fctz\u00acung personenbezogener Dienstleistungen, in: Personenbezogene Dienstleistungen im Kontext komplexer Wertsch\u00f6pfung: Anwendungsfeld \u201eSeltene Krankheiten\u201c. Daniel Bieber, Manfred Geiger (Hrsg.) Springer VS 2014, 134-149<\/li>\n<li>Meyer T. Dienstleistungsf\u00f6rmig entwickelte Versorgung als Herausforderung f\u00fcr das \u00e4rztliche Rollen- und Selbstverst\u00e4ndnis. In: ebenda, 183-191<\/li>\n<li>Funke A, Grehl T, Gro\u00dfkreutz J, M\u00fcnch C, Walter B, Kettemann D, Karnapp C, Gajewski N, Meyer R, Maier A, Gruhn KM, Prell T, Kollewe K, Abdulla S, Kobeleva X, K\u00f6rner S, Petri S, Meyer T. Hilfsmittelversorgung bei der ALS \u2013 Analyse aus 3 Jahren Fallmanagement in einem internetunterst\u00fctzten Versorgungsnetzwerk. Nervenarzt. 2015 Jul 30. [Epub ahead of print]; DOI 10.1007\/s00115-015-4398-2<\/li>\n<\/ol>\n<\/ul>\n","protected":false},"excerpt":{"rendered":"<p>Funktion Prof. Dr. Thomas Meyer ist Facharzt f\u00fcr Neurologie und Leiter der Ambulanz f\u00fcr Amyotrophe Lateralsklerose (ALS) und andere Motoneuronenerkrankungen an der Charit\u00e9 &#8211; Universit\u00e4tsmedizin Berlin. Einer seiner Forschungsschwerpunkte liegt in der Durchf\u00fchrung klinischer Studien mit innovativen Medikamenten bei der ALS. Zu seinen aktuellen Forschungs- und Entwicklungsarbeiten geh\u00f6ren das Prototyping und die Implementierung von Internet-basierten [&hellip;]<\/p>\n","protected":false},"author":1,"featured_media":0,"parent":325,"menu_order":0,"comment_status":"closed","ping_status":"closed","template":"","meta":{"ngg_post_thumbnail":0,"footnotes":""},"class_list":["post-350","page","type-page","status-publish"],"_links":{"self":[{"href":"https:\/\/indiger.net\/index.php?rest_route=\/wp\/v2\/pages\/350"}],"collection":[{"href":"https:\/\/indiger.net\/index.php?rest_route=\/wp\/v2\/pages"}],"about":[{"href":"https:\/\/indiger.net\/index.php?rest_route=\/wp\/v2\/types\/page"}],"author":[{"embeddable":true,"href":"https:\/\/indiger.net\/index.php?rest_route=\/wp\/v2\/users\/1"}],"replies":[{"embeddable":true,"href":"https:\/\/indiger.net\/index.php?rest_route=%2Fwp%2Fv2%2Fcomments&post=350"}],"version-history":[{"count":19,"href":"https:\/\/indiger.net\/index.php?rest_route=\/wp\/v2\/pages\/350\/revisions"}],"predecessor-version":[{"id":391,"href":"https:\/\/indiger.net\/index.php?rest_route=\/wp\/v2\/pages\/350\/revisions\/391"}],"up":[{"embeddable":true,"href":"https:\/\/indiger.net\/index.php?rest_route=\/wp\/v2\/pages\/325"}],"wp:attachment":[{"href":"https:\/\/indiger.net\/index.php?rest_route=%2Fwp%2Fv2%2Fmedia&parent=350"}],"curies":[{"name":"wp","href":"https:\/\/api.w.org\/{rel}","templated":true}]}}