{"id":35,"date":"2014-11-28T15:01:37","date_gmt":"2014-11-28T15:01:37","guid":{"rendered":"https:\/\/websites.fraunhofer.de\/indiger\/?page_id=35"},"modified":"2019-01-15T09:18:15","modified_gmt":"2019-01-15T09:18:15","slug":"fraunhofer-iao","status":"publish","type":"page","link":"https:\/\/indiger.net\/?page_id=35","title":{"rendered":"Fraunhofer IAO"},"content":{"rendered":"<p>Im Rahmen von INDiGeR hat das Fraunhofer IAO die Koordination des Verbundprojektes inne. Daneben ist der inhaltliche Fokus:<\/p>\n<h3>Wie sehen Gesch\u00e4ftsmodelle f\u00fcr Netzwerk-Akteure aus?<\/h3>\n<p>Das Fraunhofer IAO dabei richtet den Blick der Forschungsarbeit auf die einzelnen Akteure, die in Netzwerken aktiv sind oder dort aktiv werden wollen. Untersucht wird, wie sich Gesch\u00e4ftsmodelle einzelner Akteure, die auf eine unabh\u00e4ngige Erbringung der eigenen Leistungsangebote ausgerichtet sind, ver\u00e4ndern m\u00fcssen, um den Anforderungen einer vernetzen Wertsch\u00f6pfung mit kooperativer Leistungserbringung gerecht zu werden. Ziel ist es, ein Instrumentarium zu entwickeln, das es Akteuren, die sich in Dienstleistungsnetzwerken engagieren wollen, erm\u00f6glicht, ihr jeweiliges Gesch\u00e4ftsmodell auf die Eignung f\u00fcr vernetztes Handeln hin zu pr\u00fcfen, n\u00f6tige Anpassungen zu erkennen und zu vollziehen sowie vernetzte Leistungserbringung zu planen, zu visualisieren und zu bewerten.<\/p>\n<h3>Toolgest\u00fctzte Gesch\u00e4ftsmodellentwicklung<\/h3>\n<p>Aus dem Teilprojekt des Fraunhofer IAO stehen <a href=\"https:\/\/indiger.net\/?page_id=1027\">Unterst\u00fctzungswerkzeuge zur Entwicklung von Gesch\u00e4ftsmodellen f\u00fcr Netzwerke<\/a> zur Verf\u00fcgung.<br \/>\n<a href=\"https:\/\/indiger.net\/wp-content\/uploads\/2018\/04\/INDiGeR-GM-Tools_IAO.pdf\"><img loading=\"lazy\" decoding=\"async\" src=\"https:\/\/indiger.net\/wp-content\/uploads\/2018\/04\/BR-GM-Tools.png\" alt=\"\" width=\"213\" height=\"300\" class=\"alignnone size-medium wp-image-1168\" \/><\/a><br \/>\nAu\u00dferdem k\u00f6nnen Sie die Brosch\u00fcre \u00bbGesch\u00e4ftsmodelle f\u00fcr Netzwerker gestalten\u00ab von Alexander Schletz und Anne-Sophie Tombeil mit Nutzungshinweisen zu den vom Fraunhofer IAO entwickelten Tools <a href=\"https:\/\/indiger.net\/wp-content\/uploads\/2018\/04\/INDiGeR-GM-Tools_IAO.pdf\">hier<\/a> herunterladen.<\/p>\n<h3>Fallstudien und Typologie vernetzter Leistungserbringung<\/h3>\n<p>Zur empirischen Fundierung und praktischen Anwendung des Gesch\u00e4ftsmodellansatzes f\u00fcr Netzwerke entstanden zwei weitere Brosch\u00fcren im Arbeitspaket des Fraunhofer IAO:<\/p>\n<ul>\n<li><a href=\"https:\/\/indiger.net\/wp-content\/uploads\/2019\/01\/INDiGeR-BR_Netzwerk-Typologie.pdf\" target=\"_blank\">\u00bbGesch\u00e4ftsmodelle f\u00fcr Leistungsnetzwerke: Typologie vernetzter Leistungserbringung\u00ab<\/a><br \/>\n<a href=\"https:\/\/indiger.net\/wp-content\/uploads\/2019\/01\/INDiGeR-BR_Netzwerk-Typologie.pdf\" target=\"_blank\"><img loading=\"lazy\" decoding=\"async\" src=\"https:\/\/indiger.net\/wp-content\/uploads\/2019\/01\/Cover_Typologie.jpg\" alt=\"\" width=\"211\" height=\"300\" class=\"alignnone size-full wp-image-1415\" \/><\/a>\n<\/li>\n<li><a href=\"https:\/\/indiger.net\/wp-content\/uploads\/2019\/01\/INDiGeR_BR-Fallstudien.pdf\" target=\"_blank\">\u00bbErfolgreich vernetzt: Vier Fallstudien zur Typologie vernetzter Gesch\u00e4ftsmodelle\u00ab<\/a><br \/>\n<a href=\"https:\/\/indiger.net\/wp-content\/uploads\/2019\/01\/INDiGeR_BR-Fallstudien.pdf\" target=\"_blank\"><img loading=\"lazy\" decoding=\"async\" src=\"https:\/\/indiger.net\/wp-content\/uploads\/2019\/01\/Cover_Fallstudien.jpg\" alt=\"\" width=\"211\" height=\"300\" class=\"alignnone size-full wp-image-1414\" \/><\/a><\/li>\n<\/ul>\n<h3>Kontakt f\u00fcr das Thema Gesch\u00e4ftsmodelle<\/h3>\n<p><img loading=\"lazy\" decoding=\"async\" size-full wp-image-78\" src=\"https:\/\/indiger.net\/wp-content\/uploads\/2014\/12\/iao_43mm_p334.png\" alt=\"Fraunhofer IAO\" width=\"254\" height=\"70\" \/><\/p>\n<p>Walter Ganz<br \/>\nFraunhofer-Institut f\u00fcr Arbeitswirtschaft und Organisation IAO<br \/>\nNobelstra\u00dfe 12<br \/>\n70569 Stuttgart<br \/>\n<a href=\"mailto:walter.ganz@iao.fraunhofer.de\">walter.ganz@iao.fraunhofer.de<\/a><\/p>\n","protected":false},"excerpt":{"rendered":"<p>Im Rahmen von INDiGeR hat das Fraunhofer IAO die Koordination des Verbundprojektes inne. Daneben ist der inhaltliche Fokus: Wie sehen Gesch\u00e4ftsmodelle f\u00fcr Netzwerk-Akteure aus? Das Fraunhofer IAO dabei richtet den Blick der Forschungsarbeit auf die einzelnen Akteure, die in Netzwerken aktiv sind oder dort aktiv werden wollen. Untersucht wird, wie sich Gesch\u00e4ftsmodelle einzelner Akteure, die [&hellip;]<\/p>\n","protected":false},"author":1,"featured_media":0,"parent":18,"menu_order":0,"comment_status":"closed","ping_status":"closed","template":"","meta":{"ngg_post_thumbnail":0,"footnotes":""},"class_list":["post-35","page","type-page","status-publish"],"_links":{"self":[{"href":"https:\/\/indiger.net\/index.php?rest_route=\/wp\/v2\/pages\/35"}],"collection":[{"href":"https:\/\/indiger.net\/index.php?rest_route=\/wp\/v2\/pages"}],"about":[{"href":"https:\/\/indiger.net\/index.php?rest_route=\/wp\/v2\/types\/page"}],"author":[{"embeddable":true,"href":"https:\/\/indiger.net\/index.php?rest_route=\/wp\/v2\/users\/1"}],"replies":[{"embeddable":true,"href":"https:\/\/indiger.net\/index.php?rest_route=%2Fwp%2Fv2%2Fcomments&post=35"}],"version-history":[{"count":17,"href":"https:\/\/indiger.net\/index.php?rest_route=\/wp\/v2\/pages\/35\/revisions"}],"predecessor-version":[{"id":1417,"href":"https:\/\/indiger.net\/index.php?rest_route=\/wp\/v2\/pages\/35\/revisions\/1417"}],"up":[{"embeddable":true,"href":"https:\/\/indiger.net\/index.php?rest_route=\/wp\/v2\/pages\/18"}],"wp:attachment":[{"href":"https:\/\/indiger.net\/index.php?rest_route=%2Fwp%2Fv2%2Fmedia&parent=35"}],"curies":[{"name":"wp","href":"https:\/\/api.w.org\/{rel}","templated":true}]}}