{"id":344,"date":"2015-08-14T20:26:23","date_gmt":"2015-08-14T20:26:23","guid":{"rendered":"https:\/\/websites.fraunhofer.de\/indiger\/?page_id=344"},"modified":"2015-08-14T20:26:23","modified_gmt":"2015-08-14T20:26:23","slug":"prof-dr-michael-backes","status":"publish","type":"page","link":"https:\/\/indiger.net\/?page_id=344","title":{"rendered":"Prof. Dr. Michael Backes"},"content":{"rendered":"<h3>Funktion<\/h3>\n<p>Prof. Backes ist Direktor des vom Bundesforschungsministeriums gef\u00f6rderten Kompetenzzentrums f\u00fcr IT-Sicherheit <a href=\"https:\/\/www.infsec.cs.uni-saarland.de\/~backes\/\" target=\"_blank\">CISPA<\/a>. Er ist Inhaber des Lehrstuhls f\u00fcr Informationssicherheit und Kryptographie an der Universit\u00e4t des Saarlandes sowie Max-Planck Fellow des Max-Planck-Instituts f\u00fcr Software Systeme.<br \/>\n<a href=\"https:\/\/indiger.net\/wp-content\/uploads\/2015\/08\/MB.jpg\"><img loading=\"lazy\" decoding=\"async\" class=\"alignleft wp-image-345\" src=\"https:\/\/indiger.net\/wp-content\/uploads\/2015\/08\/MB.jpg\" alt=\"Prof. Dr. Michael Backes\" width=\"300\" height=\"200\" srcset=\"https:\/\/indiger.net\/wp-content\/uploads\/2015\/08\/MB.jpg 500w, https:\/\/indiger.net\/wp-content\/uploads\/2015\/08\/MB-300x200.jpg 300w\" sizes=\"(max-width: 300px) 100vw, 300px\" \/><\/a><\/p>\n<h3>Vita<\/h3>\n<p>Den Ruf an die Universit\u00e4t des Saarlandes erhielt er 2005 im Alter von 26 Jahren. Er ist Autor von mehr als 170 wissenschaftlichen Ver\u00f6ffentlichungen und Inhaber vieler wissenschaftlicher Auszeichnungen. Zusammen mit drei weiteren Professoren hat er im Dezember 2013 den ERC Synergy Grant (den h\u00f6chstdotierten EU-Forschungspreis) erhalten. Weitere Preise umfassen den ERC Starting Grant, den Microsoft Privacy Enhancing Technology Award, die Max Planck Fellowship, den IBM Faculty Award sowie den IBM Outstanding Achievement Award. Im Jahr 2009 wurde er vom MIT Technology Review als erster Deutscher zu einem der 35 besten Forscher der Welt unter 35 Jahren ernannt. Vor kurzem wurde er von der Bundesministerin Johanna Wanka als einer von Deutschlands digitalen K\u00f6pfen ausgezeichnet.<\/p>\n","protected":false},"excerpt":{"rendered":"<p>Funktion Prof. Backes ist Direktor des vom Bundesforschungsministeriums gef\u00f6rderten Kompetenzzentrums f\u00fcr IT-Sicherheit CISPA. Er ist Inhaber des Lehrstuhls f\u00fcr Informationssicherheit und Kryptographie an der Universit\u00e4t des Saarlandes sowie Max-Planck Fellow des Max-Planck-Instituts f\u00fcr Software Systeme. Vita Den Ruf an die Universit\u00e4t des Saarlandes erhielt er 2005 im Alter von 26 Jahren. Er ist Autor von [&hellip;]<\/p>\n","protected":false},"author":1,"featured_media":0,"parent":325,"menu_order":0,"comment_status":"closed","ping_status":"closed","template":"","meta":{"ngg_post_thumbnail":0,"footnotes":""},"class_list":["post-344","page","type-page","status-publish"],"_links":{"self":[{"href":"https:\/\/indiger.net\/index.php?rest_route=\/wp\/v2\/pages\/344"}],"collection":[{"href":"https:\/\/indiger.net\/index.php?rest_route=\/wp\/v2\/pages"}],"about":[{"href":"https:\/\/indiger.net\/index.php?rest_route=\/wp\/v2\/types\/page"}],"author":[{"embeddable":true,"href":"https:\/\/indiger.net\/index.php?rest_route=\/wp\/v2\/users\/1"}],"replies":[{"embeddable":true,"href":"https:\/\/indiger.net\/index.php?rest_route=%2Fwp%2Fv2%2Fcomments&post=344"}],"version-history":[{"count":3,"href":"https:\/\/indiger.net\/index.php?rest_route=\/wp\/v2\/pages\/344\/revisions"}],"predecessor-version":[{"id":348,"href":"https:\/\/indiger.net\/index.php?rest_route=\/wp\/v2\/pages\/344\/revisions\/348"}],"up":[{"embeddable":true,"href":"https:\/\/indiger.net\/index.php?rest_route=\/wp\/v2\/pages\/325"}],"wp:attachment":[{"href":"https:\/\/indiger.net\/index.php?rest_route=%2Fwp%2Fv2%2Fmedia&parent=344"}],"curies":[{"name":"wp","href":"https:\/\/api.w.org\/{rel}","templated":true}]}}