{"id":325,"date":"2015-08-14T15:37:43","date_gmt":"2015-08-14T15:37:43","guid":{"rendered":"https:\/\/websites.fraunhofer.de\/indiger\/?page_id=325"},"modified":"2022-06-10T07:52:32","modified_gmt":"2022-06-10T07:52:32","slug":"beirat","status":"publish","type":"page","link":"https:\/\/indiger.net\/?page_id=325","title":{"rendered":"Beirat"},"content":{"rendered":"<p>Dem Begleitforschungsprojekt INDiGeR der Gesundheit- und Dienstleistungsregionen ist ein interdisziplin\u00e4r zusammengesetzter Beirat mit renommierten Expertinnen und Experten aus Wissenschaft, Wirtschaft und Gesellschaft zur Seite gestellt. Dieser Beirat unterst\u00fctzt die Begleitforschung und die Regionen durch die folgenden Funktionen:<\/p>\n<ul>\n<li><strong>Feedback-Funktion<\/strong>: Wesentliche Ideen, Konzepte und Ergebnisse werden dem Beirat durch die Begleitforschung <a href=\"https:\/\/www.ukreplicaswisswatches.com\/\">Cartier Replica Watches<\/a> regelm\u00e4\u00dfig berichtet. Die Mitglieder des Beirats geben Anregungen aus ihren jeweiligen Kontexten.<\/li>\n<li><strong>Netzwerk-Funktion<\/strong>: Die Mitglieder des Beirats geben Ergebnisse der Regionen und der Begleitforschung in ihre eigenen Netzwerke weiter und tragen so zu einer weiteren Verbreitung von INDiGeR und GeDiReMo in Wissenschaft und Wirtschaft bei.<\/li>\n<li><strong>Innovations-Impulse<\/strong>: Die Beir\u00e4tinnen und Beir\u00e4te nehmen f\u00fcr die Regionen relevante Innovationen aus Ihren Disziplinen auf und geben sie an die Regionen und die Begleitforschung weiter, um deren Arbeit kontinuierlich voranzubringen.<\/li>\n<li><strong>\u00d6ffentlichkeitsarbeit<\/strong>: Durch die vielf\u00e4ltigen Kontakte des Beirats wird au\u00dferdem die Verbreitung der Ans\u00e4tze und Ergebnisse der Regionen und der Begleitforschung in die \u00d6ffentlichkeit bef\u00f6rdert.<\/li>\n<\/ul>\n<p>Die folgenden Personen bilden den INDiGeR-Beirat:<\/p>\n<ul>\n<li><strong>Vorsitzender<\/strong> des Beirats: <a href=\"?page_id=435\">Prof. Dr. Hansj\u00f6rg Fromm<\/a>, Karlsruhe Service Research Institute (KSRI) am Karlsruher Institut f\u00fcr Technologie (KIT).<\/li>\n<li><a href=\"?page_id=344\">Prof. Dr. Michael Backes<\/a>, Chair of Information Security &amp; Cryptography an der Universit\u00e4t des Saarlandes<\/li>\n<li><a href=\"?page_id=427\">Bernhard Calmer<\/a>, Cerner Health Services Deutschland GmbH<\/li>\n<li>Ingrid Hastedt, Wohlfahrtswerk <a href=\"https:\/\/www.ukreplicaswisswatches.com\/\">Cartier Replica<\/a> f\u00fcr Baden-W\u00fcrttemberg<\/li>\n<li><a href=\"?page_id=452\">Anne Janz<\/a>, Vorsitzende des Fachausschusses Gesundheit des Deutschen St\u00e4dtetags<\/li>\n<li><a href=\"?page_id=350\">Prof. Dr. Thomas Meyer<\/a>, Charit\u00e9 \u2013 Universit\u00e4tsmedizin Berlin<\/li>\n<li><a href=\"?page_id=331\">Dr. Volker Meyer-Guckel<\/a>, Stifterverband f\u00fcr die Deutsche Wissenschaft<\/li>\n<li><a href=\"?page_id=394\">Prof. Dr. Stephan Rixen<\/a>, Lehrstuhl f\u00fcr \u00d6ffentliches Recht, Sozialwirtschafts- und GesundheitsrechtUniversit\u00e4t Bayreuth<\/li>\n<li><a href=\"?page_id=416\">Dr. Axel Wehmeier<\/a>, Business Development Healthcare, Deutsche Telekom Healthcare Solutions GmbH<\/li>\n<li><a href=\"?page_id=366\">Michael Weller<\/a>, GKV-Spitzenverband<\/li>\n<\/ul>\n<p>Als &#8220;st\u00e4ndige G\u00e4ste&#8221; nehmen <a href=\"https:\/\/www.replicawatches4shop.com\/\">Breitling Replica Watches<\/a> Vertreterinnen und Vertreter des BMBF und des Projekttr\u00e4ges an den Sitzungen des Beirats teil:<\/p>\n<ul>\n<li>F\u00fcr das BMBF:\n<ul>\n<li>Dr. Otto Fritz Bode<\/li>\n<li>Carmen Gehring<\/li>\n<\/ul>\n<\/li>\n<li>F\u00fcr die Projekttr\u00e4ger:\n<ul>\n<li>Christel Schwab, PTKA<\/li>\n<li>Dr. Anja Hillekamp, DLR<\/li>\n<\/ul>\n<\/li>\n<\/ul>\n","protected":false},"excerpt":{"rendered":"<p>Dem Begleitforschungsprojekt INDiGeR der Gesundheit- und Dienstleistungsregionen ist ein interdisziplin\u00e4r zusammengesetzter Beirat mit renommierten Expertinnen und Experten aus Wissenschaft, Wirtschaft und Gesellschaft zur Seite gestellt. Dieser Beirat unterst\u00fctzt die Begleitforschung und die Regionen durch die folgenden Funktionen: Feedback-Funktion: Wesentliche Ideen, Konzepte und Ergebnisse werden dem Beirat durch die Begleitforschung Cartier Replica Watches regelm\u00e4\u00dfig berichtet. Die [&hellip;]<\/p>\n","protected":false},"author":1,"featured_media":0,"parent":18,"menu_order":0,"comment_status":"closed","ping_status":"closed","template":"","meta":{"ngg_post_thumbnail":0,"footnotes":""},"class_list":["post-325","page","type-page","status-publish"],"_links":{"self":[{"href":"https:\/\/indiger.net\/index.php?rest_route=\/wp\/v2\/pages\/325"}],"collection":[{"href":"https:\/\/indiger.net\/index.php?rest_route=\/wp\/v2\/pages"}],"about":[{"href":"https:\/\/indiger.net\/index.php?rest_route=\/wp\/v2\/types\/page"}],"author":[{"embeddable":true,"href":"https:\/\/indiger.net\/index.php?rest_route=\/wp\/v2\/users\/1"}],"replies":[{"embeddable":true,"href":"https:\/\/indiger.net\/index.php?rest_route=%2Fwp%2Fv2%2Fcomments&post=325"}],"version-history":[{"count":27,"href":"https:\/\/indiger.net\/index.php?rest_route=\/wp\/v2\/pages\/325\/revisions"}],"predecessor-version":[{"id":2786,"href":"https:\/\/indiger.net\/index.php?rest_route=\/wp\/v2\/pages\/325\/revisions\/2786"}],"up":[{"embeddable":true,"href":"https:\/\/indiger.net\/index.php?rest_route=\/wp\/v2\/pages\/18"}],"wp:attachment":[{"href":"https:\/\/indiger.net\/index.php?rest_route=%2Fwp%2Fv2%2Fmedia&parent=325"}],"curies":[{"name":"wp","href":"https:\/\/api.w.org\/{rel}","templated":true}]}}