{"id":184,"date":"2015-01-12T17:03:48","date_gmt":"2015-01-12T17:03:48","guid":{"rendered":"https:\/\/websites.fraunhofer.de\/indiger\/?page_id=184"},"modified":"2022-06-10T07:47:02","modified_gmt":"2022-06-10T07:47:02","slug":"der-wettbewerb-zu-gesundheit-und-dienstleistungsregionen-von-morgen","status":"publish","type":"page","link":"https:\/\/indiger.net\/?page_id=184","title":{"rendered":"Der Wettbewerb zu GeDiReMo"},"content":{"rendered":"<p><em>Gesund bleiben und aktiv am gesellschaftlichen Leben teilnehmen sind Ziele, die viele Menschen bewegen. Damit dies im Alltag der Menschen umgesetzt werden kann, ist ein enger Dialog von Wissenschaft, Wirtschaft und Politik mit den B\u00fcrgerinnen und B\u00fcrgern auf regionaler Ebene erforderlich.<\/em> (BMBF)<br \/>\nVor dem Hintergrund dieses Ziels hat das BMBF den <a href=\"https:\/\/www.bmbf.de\/foerderungen\/bekanntmachung-776.html\" target=\"_blank\" rel=\"noopener\">Wettbewerb &#8220;Gesundheit- und Dienstleistungsregionen von morgen&#8221; ausgelobt<\/a>.<br \/>\nDabei wurden Konzepte gesucht, die Ans\u00e4tze der Dienstleistungsforschung und der Gesundheitsforschung gleicherma\u00dfen ber\u00fccksichtigen, um so Synergieeffekte und gegenseitiges Lernen zu f\u00f6rdern. Hierdurch sollen neue <a href=\"https:\/\/www.uscheapnfljerseys.com\/\">rolex replica watches<\/a> Konzepte entwickelt und erprobt werden, die die Teilhabe der Menschen am gesellschaftlichen Leben und ihre Gesundheit verbessern.<\/p>\n<h3>Der Weg der Siegerregionen<\/h3>\n<p>Auf den Wettbewerb des BMBF gingen 78 Projektskizzen ein, aus denen eine interdisziplin\u00e4re Jury die besten zw\u00f6lf Ideen f\u00fcr Gesundheit- und Dienstleistungsregionen ausw\u00e4hlte. Zur weiteren Ausarbeitung der Konzepte, zum Finden von Partnern und einem weiteren Ausbau der Netzwerke konnten diese zw\u00f6lf Netzwerke jeweils auf eine F\u00f6rderung des BMBF von 50.000 Euro zur\u00fcckgreifen.<br \/>\nNachdem diese zw\u00f6lf Regionen Ihre Konzepte weiter ausgearbeitet hatten, wurden von der Jury die <a href=\"?page_id=55\">f\u00fcnf \u00fcberzeugendsten Regionen<\/a> ausgew\u00e4hlt. Diese Siegerregionen erhalten insgesamt 20. Mio Euro, um in vier Jahren ihre Konzepte umzusetzen. Sie bringen dabei einen Eigenanteil von 25 Prozent des Projektvolumina in die Umsetzung mit ein.<br \/>\nDie <a href=\"?page_id=55\">f\u00fcnf Siegerregionen<\/a> sind:<\/p>\n<ul>\n<li>FISnet Augsburg<\/li>\n<li>VorteilJena<\/li>\n<li>PNO Ortenau<\/li>\n<li>QuartiersNETZ Ruhrgebiet<\/li>\n<li>Chemnitz+<\/li>\n<\/ul>\n<h3>Vorherige BMBF-F\u00f6rderinstrumente &#8211; Gesundheitsregionen<\/h3>\n<p><em>Eine enge, regional fokussierte Vernetzung aller am Innovationsprozess beteiligten Akteure ist vor allem in der Gesundheitswirtschaft eine wesentliche Voraussetzung daf\u00fcr, dass sich alle Potenziale in der Wertsch\u00f6pfungskette entfalten k\u00f6nnen. Vor diesem Hintergrund hat das BMBF im Jahr 2009 die Initiative &#8220;Gesundheitsregionen der Zukunft&#8221; gestartet.<\/em> (BMBF)<br \/>\nAuch in diesem F\u00f6rderprogramm werden f\u00fcnf regionale Verb\u00fcnde gef\u00f6rdert, die sich in einem Wettbewerb mit insgesamt 20 Wettbewerbern behauptet haben. In einer ersten Phase ausgew\u00e4hlt wurden 2009 die Projekte:<\/p>\n<ul>\n<li><strong><a href=\"http:\/\/www.gesundheitsregion-fontane.de\" target=\"_blank\" rel=\"noopener\">FONTANE<\/a> &#8211; Gesundheitsregion der Zukunft Nordbrandenburg<\/strong>, das auf die Verbesserung der Betreuungsqualit\u00e4t f\u00fcr Herz-Kreislauf-Erkrankte im strukturschwachen l\u00e4ndlichen Raum durch sektor\u00fcbergreifenden <a href=\"https:\/\/www.uscheapnfljerseys.com\/\">rolex replica<\/a> Einsatz moderner Informationstechnologien und biomarkerbasierter Diagnostik- und Therapiesteuerung zielt<\/li>\n<li><strong>REGINA &#8211; REGenerative Medizin in Neckar-Alb und Stuttgart<\/strong> \u2013 ist ein Netzwerk, das eng bei der Entwicklung neuer Verfahren und Produkte zusammenarbeitet und den Patienten in der Region einen breiten Zugang zur Regenerativen Medizin erm\u00f6glichen will. Daraus ist die <a href=\"http:\/\/www.bioregio-stern.de\/de\/ueber-uns\" target=\"_blank\" rel=\"noopener\">Bioregion STERN<\/a> (<strong>S<\/strong>tuttgart, <strong>T<\/strong>\u00fcbingen, <strong>E<\/strong>sslingen, <strong>R<\/strong>eutlingen, <strong>N<\/strong>eckaralb hervorgegangen.<\/li>\n<\/ul>\n<p>Ein Jahr sp\u00e4ter kamen die folgenden drei Regionen dazu:<\/p>\n<ul>\n<li><strong><a href=\"http:\/\/www.psychenet.de\" target=\"_blank\" rel=\"noopener\">GesundheitsMetropole Hamburg<\/a><\/strong>: Netzwerk psychische Gesundheit, in dem die \u00fcber 60 Projektpartner erstmals in Deutschland ein innovatives, versorgungszentriertes und wissenschaftlich fundiertes Gesamtkonzept zum Thema Psychische Gesundheit umsetzen.<\/li>\n<li><strong><a href=\"http:\/\/www.hicare.de\" target=\"_blank\" rel=\"noopener\">Gesundheitsregion Ostseek\u00fcste<\/a><\/strong>. Im Modellvorhaben Health, Innovative Care and Regional Economy (HICARE) \u2013 Aktionsb\u00fcndnis gegen multiresistente Erreger &#8211; sollen in einem regional konzertierten Ansatz wirkungsvolle, standardisierte und transferierbare Interventionsstrategien entwickelt und erprobt werden, um der Ausbreitung multiresistenter Erreger (MRE) wirkungsvoll zu begegnen.<\/li>\n<li><strong><a href=\"http:\/\/www.infopat.eu\" target=\"_blank\" rel=\"noopener\">Metropolregion Rhein-Neckar<\/a><\/strong> &#8211; Der Verbund &#8220;INFOPAT&#8221; entwickelt, implementiert und evaluiert innovative IT-gest\u00fctzte Technologien und Prozesse, die eine integrierte und sektoren\u00fcbergreifende Versorgung von chronisch <a href=\"https:\/\/www.watchesnoble.com\/\">Hublot Replica<\/a> kranken Menschen erm\u00f6glichen.<\/li>\n<\/ul>\n<p>Diese f\u00fcnf Regionen steht ein vom Fraunhofer ISI und der Friedrich-Alexander-Universit\u00e4t Erlangen-N\u00fcrnberg durchgef\u00fchrtes wissenschaftliches Begleitforschungsvorhaben zur Seite. <a href=\"http:\/\/www.begleitforschung-gesundheitsregionen.de\/startseite\" target=\"_blank\" rel=\"noopener\">Weitere Informationen hierzu unter www.begleitforschung-gesundheitsregionen.de<\/a>.<\/p>\n","protected":false},"excerpt":{"rendered":"<p>Gesund bleiben und aktiv am gesellschaftlichen Leben teilnehmen sind Ziele, die viele Menschen bewegen. Damit dies im Alltag der Menschen umgesetzt werden kann, ist ein enger Dialog von Wissenschaft, Wirtschaft und Politik mit den B\u00fcrgerinnen und B\u00fcrgern auf regionaler Ebene erforderlich. (BMBF) Vor dem Hintergrund dieses Ziels hat das BMBF den Wettbewerb &#8220;Gesundheit- und Dienstleistungsregionen [&hellip;]<\/p>\n","protected":false},"author":1,"featured_media":190,"parent":0,"menu_order":0,"comment_status":"closed","ping_status":"closed","template":"","meta":{"ngg_post_thumbnail":0,"footnotes":""},"class_list":["post-184","page","type-page","status-publish","has-post-thumbnail"],"_links":{"self":[{"href":"https:\/\/indiger.net\/index.php?rest_route=\/wp\/v2\/pages\/184"}],"collection":[{"href":"https:\/\/indiger.net\/index.php?rest_route=\/wp\/v2\/pages"}],"about":[{"href":"https:\/\/indiger.net\/index.php?rest_route=\/wp\/v2\/types\/page"}],"author":[{"embeddable":true,"href":"https:\/\/indiger.net\/index.php?rest_route=\/wp\/v2\/users\/1"}],"replies":[{"embeddable":true,"href":"https:\/\/indiger.net\/index.php?rest_route=%2Fwp%2Fv2%2Fcomments&post=184"}],"version-history":[{"count":11,"href":"https:\/\/indiger.net\/index.php?rest_route=\/wp\/v2\/pages\/184\/revisions"}],"predecessor-version":[{"id":2768,"href":"https:\/\/indiger.net\/index.php?rest_route=\/wp\/v2\/pages\/184\/revisions\/2768"}],"wp:featuredmedia":[{"embeddable":true,"href":"https:\/\/indiger.net\/index.php?rest_route=\/wp\/v2\/media\/190"}],"wp:attachment":[{"href":"https:\/\/indiger.net\/index.php?rest_route=%2Fwp%2Fv2%2Fmedia&parent=184"}],"curies":[{"name":"wp","href":"https:\/\/api.w.org\/{rel}","templated":true}]}}