{"id":18,"date":"2014-11-28T12:48:46","date_gmt":"2014-11-28T12:48:46","guid":{"rendered":"https:\/\/websites.fraunhofer.de\/indiger\/?page_id=18"},"modified":"2018-04-11T14:41:37","modified_gmt":"2018-04-11T14:41:37","slug":"indiger-partner","status":"publish","type":"page","link":"https:\/\/indiger.net\/?page_id=18","title":{"rendered":"INDiGeR Partner"},"content":{"rendered":"<h2>Die Projektpartner von INDiGeR in der Umsetzungskette und Ihre Aufgaben<\/h2>\n<ul>\n<li><a href=\"https:\/\/indiger.net\/?page_id=35\"><strong>Fraunhofer-Institut f\u00fcr Arbeitswirtschaft und Organisation, IAO<\/strong><\/a><br \/>Entwicklung vernetzter Gesch\u00e4fts- und Innovationsmodelle<\/li>\n<li><a href=\"https:\/\/indiger.net\/?page_id=45\"><strong>Universit\u00e4t Bayreuth, Lehrstuhl f\u00fcr Wirtschaftsinformatik<\/strong><\/a><br \/>Erhebung der Nachhaltigkeit innovativer Netzwerkstrukturen und -prozesse<\/li>\n<li><a href=\"https:\/\/indiger.net\/?page_id=47\"><strong>Institute for Public Health and Healthcare NRW der Steinbeis-Hochschule Berlin<\/strong><\/a><br \/>Entwicklung einer interventiven projektbegleitenden Evaluationsforschung <\/li>\n<li><a href=\"https:\/\/indiger.net\/?page_id=41\"><strong>Fakult\u00e4t Sozialwesen an der Dualen Hochschule Baden-W\u00fcrttemberg Stuttgart<\/strong><\/a><br \/>Exploration von Service-Produktisierung und Rollout<\/li>\n<li><a href=\"https:\/\/indiger.net\/?page_id=52\"><strong>Universit\u00e4tsklinikum Hamburg-Eppendorf, Institut f\u00fcr Allgemeinmedizin<\/strong><\/a><br \/>Entwicklung regionenspezifischer und -\u00fcbergreifender Bewertungsmodelle<\/li>\n<\/ul>\n","protected":false},"excerpt":{"rendered":"<p>Die Projektpartner von INDiGeR in der Umsetzungskette und Ihre Aufgaben Fraunhofer-Institut f\u00fcr Arbeitswirtschaft und Organisation, IAOEntwicklung vernetzter Gesch\u00e4fts- und Innovationsmodelle Universit\u00e4t Bayreuth, Lehrstuhl f\u00fcr WirtschaftsinformatikErhebung der Nachhaltigkeit innovativer Netzwerkstrukturen und -prozesse Institute for Public Health and Healthcare NRW der Steinbeis-Hochschule BerlinEntwicklung einer interventiven projektbegleitenden Evaluationsforschung Fakult\u00e4t Sozialwesen an der Dualen Hochschule Baden-W\u00fcrttemberg StuttgartExploration von Service-Produktisierung [&hellip;]<\/p>\n","protected":false},"author":1,"featured_media":0,"parent":0,"menu_order":0,"comment_status":"closed","ping_status":"closed","template":"","meta":{"ngg_post_thumbnail":0,"footnotes":""},"class_list":["post-18","page","type-page","status-publish"],"_links":{"self":[{"href":"https:\/\/indiger.net\/index.php?rest_route=\/wp\/v2\/pages\/18"}],"collection":[{"href":"https:\/\/indiger.net\/index.php?rest_route=\/wp\/v2\/pages"}],"about":[{"href":"https:\/\/indiger.net\/index.php?rest_route=\/wp\/v2\/types\/page"}],"author":[{"embeddable":true,"href":"https:\/\/indiger.net\/index.php?rest_route=\/wp\/v2\/users\/1"}],"replies":[{"embeddable":true,"href":"https:\/\/indiger.net\/index.php?rest_route=%2Fwp%2Fv2%2Fcomments&post=18"}],"version-history":[{"count":5,"href":"https:\/\/indiger.net\/index.php?rest_route=\/wp\/v2\/pages\/18\/revisions"}],"predecessor-version":[{"id":1165,"href":"https:\/\/indiger.net\/index.php?rest_route=\/wp\/v2\/pages\/18\/revisions\/1165"}],"wp:attachment":[{"href":"https:\/\/indiger.net\/index.php?rest_route=%2Fwp%2Fv2%2Fmedia&parent=18"}],"curies":[{"name":"wp","href":"https:\/\/api.w.org\/{rel}","templated":true}]}}