{"id":101,"date":"2014-12-01T17:23:23","date_gmt":"2014-12-01T17:23:23","guid":{"rendered":"https:\/\/websites.fraunhofer.de\/indiger\/?page_id=101"},"modified":"2023-09-14T07:57:48","modified_gmt":"2023-09-14T07:57:48","slug":"chemnitz","status":"publish","type":"page","link":"https:\/\/indiger.net\/?page_id=101","title":{"rendered":"Chemnitz+"},"content":{"rendered":"<p><img decoding=\"async\" src=\"https:\/\/indiger.net\/wp-content\/uploads\/2014\/12\/c_plus_logo_kl.png\" alt=\"Logo Chemnitz+\" height=\"70\"><\/p>\n<h3>Chemnitz + Zukunftsregion lebenswert gestalten \u2013 Integrative Versorgungs- und Dienstleistungsnetzwerke in der Modell-Region Mittleres Sachsen<\/h3>\n<p>Studien belegen, dass die Zahl der \u00e4lteren Menschen, die auf Unterst\u00fctzung angewiesen sind, in Chemnitz und Mittelsachsen stetig zunimmt. Das Angebot an Pflege und Unterst\u00fctzung bei den allt\u00e4glichen Arbeiten muss darauf ausgerichtet sein. Wenn Menschen so lange wie m\u00f6glich in der eigenen h\u00e4uslichen Umgebung wohnen und leben k\u00f6nnen, bleiben Wohnquartiere lebendig und spiegeln die demografische Vielfalt der Gesellschaft wider.<\/p>\n<h3>Das Konzept<\/h3>\n<p>Chemnitz+ stellt die Wohnung und das Wohnumfeld in das Zentrum ihres Konzeptes. In der vertrauten h\u00e4uslichen Umgebung selbstbestimmt alt zu werden und (weiter) dort leben zu k\u00f6nnen, ist das Ziel von Chemnitz+. Durch die Zusammenarbeit der Wohnungswirtschaft mit der Gesundheitswirtschaft und den Dienstleistern werden tragf\u00e4hige und finanzierbare Serviceketten und Gesch\u00e4ftsmodelle erarbeitet und umgesetzt. So werden neuartige L\u00f6sungen f\u00fcr eine zukunftsgewandte gesundheitliche, mobile und soziale Versorgung in einer alternden Gesellschaft entwickelt.<\/p>\n<h3>Blick in die Zukunft<\/h3>\n<p>F\u00fcr \u00e4ltere Menschen wird es selbstverst\u00e4ndlich, ihren Lebensabend in der eigenen Wohnung zu verbringen. Sie k\u00f6nnen weiter an ihrem sozialen und gesellschaftlichen Umfeld teilhaben und \u2013nehmen. Einfach funktionierende technische Assistenzsysteme geben ihnen dabei die n\u00f6tige Sicherheit. Denn die Wohnungen sind so ausgestattet, dass ein m\u00f6glichst langes und selbstst\u00e4ndiges Wohnen m\u00f6glich sein wird. Wohnungsgenossenschaften \u00fcbernehmen damit Verantwortung f\u00fcr die Gestaltung des demografischen Wandels.<\/p>\n<h3>Chemnitz+ Internet-Seite<\/h3>\n<p><a href=\"http:\/\/www.zukunftsregion-sachsen.de\" target=\"_blank\" rel=\"noopener\">www.zukunftsregion-sachsen.de<\/a><\/p>\n<h3>Ansprechpartner\/ Kontaktdaten der Region (Chemnitz +)<\/h3>\n<p>Dr. Axel Viehweger<br \/>\nAlexandra Brylok<br \/>\nVerband S\u00e4chsischer Wohnungsgenossenschaften e.V. (VSWG e.V.), Vorstand<br \/>\nAntonstra\u00dfe 37<br \/>\n01097 Dresden<br \/>\nTel.: +49351 8070121<br \/>\nFax: +49351 8070160<br \/>\nE-Mail: <a href=\"mailto:viehweger@vswg.de\">viehweger@vswg.de<\/a><br \/>\n<a href=\"mailto:brylok@vswg.de\">brylok@vswg.de<\/a><\/p>\n","protected":false},"excerpt":{"rendered":"<p>Chemnitz + Zukunftsregion lebenswert gestalten \u2013 Integrative Versorgungs- und Dienstleistungsnetzwerke in der Modell-Region Mittleres Sachsen Studien belegen, dass die Zahl der \u00e4lteren Menschen, die auf Unterst\u00fctzung angewiesen sind, in Chemnitz und Mittelsachsen stetig zunimmt. Das Angebot an Pflege und Unterst\u00fctzung bei den allt\u00e4glichen Arbeiten muss darauf ausgerichtet sein. Wenn Menschen so lange wie m\u00f6glich in [&hellip;]<\/p>\n","protected":false},"author":1,"featured_media":0,"parent":55,"menu_order":0,"comment_status":"closed","ping_status":"closed","template":"","meta":{"ngg_post_thumbnail":0,"footnotes":""},"class_list":["post-101","page","type-page","status-publish"],"_links":{"self":[{"href":"https:\/\/indiger.net\/index.php?rest_route=\/wp\/v2\/pages\/101"}],"collection":[{"href":"https:\/\/indiger.net\/index.php?rest_route=\/wp\/v2\/pages"}],"about":[{"href":"https:\/\/indiger.net\/index.php?rest_route=\/wp\/v2\/types\/page"}],"author":[{"embeddable":true,"href":"https:\/\/indiger.net\/index.php?rest_route=\/wp\/v2\/users\/1"}],"replies":[{"embeddable":true,"href":"https:\/\/indiger.net\/index.php?rest_route=%2Fwp%2Fv2%2Fcomments&post=101"}],"version-history":[{"count":17,"href":"https:\/\/indiger.net\/index.php?rest_route=\/wp\/v2\/pages\/101\/revisions"}],"predecessor-version":[{"id":3619,"href":"https:\/\/indiger.net\/index.php?rest_route=\/wp\/v2\/pages\/101\/revisions\/3619"}],"up":[{"embeddable":true,"href":"https:\/\/indiger.net\/index.php?rest_route=\/wp\/v2\/pages\/55"}],"wp:attachment":[{"href":"https:\/\/indiger.net\/index.php?rest_route=%2Fwp%2Fv2%2Fmedia&parent=101"}],"curies":[{"name":"wp","href":"https:\/\/api.w.org\/{rel}","templated":true}]}}